{"id":1733,"date":"2023-12-11T12:52:28","date_gmt":"2023-12-11T12:52:28","guid":{"rendered":"https:\/\/glasstigershisha.com\/urun\/islemeli-buyuk-boy-bakir-caydanlik\/"},"modified":"2023-12-16T10:15:32","modified_gmt":"2023-12-16T10:15:32","slug":"islemeli-buyuk-boy-bakir-caydanlik","status":"publish","type":"product","link":"https:\/\/glasstigershisha.com\/ru\/product\/islemeli-buyuk-boy-bakir-caydanlik\/","title":{"rendered":"\u0130\u015flemeli B\u00fcy\u00fck Boy Bak\u0131r \u00c7aydanl\u0131k"},"content":{"rendered":"<ul>\n<li>\u0414\u0435\u0440\u0435\u0432\u044f\u043d\u043d\u0430\u044f \u0440\u0443\u0447\u043a\u0430.<br \/>\n\u041e\u0440\u0438\u0433\u0438\u043d\u0430\u043b\u044c\u043d\u0430\u044f \u043c\u0435\u0434\u044c.<br \/>\n\u0412\u043d\u0443\u0442\u0440\u0435\u043d\u043d\u044f\u044f \u043f\u043e\u0432\u0435\u0440\u0445\u043d\u043e\u0441\u0442\u044c \u043f\u043e\u043b\u043d\u043e\u0441\u0442\u044c\u044e \u0436\u0435\u0441\u0442\u044c.<br \/>\n\u0425\u0440\u043e\u043c\u043e\u043d\u0438\u043a\u0435\u043b\u0435\u0432\u043e\u0435 \u043f\u043e\u043a\u0440\u044b\u0442\u0438\u0435.<\/li>\n<\/ul>\n","protected":false},"excerpt":{"rendered":"<p>\u0414\u0435\u0440\u0435\u0432\u044f\u043d\u043d\u0430\u044f \u0440\u0443\u0447\u043a\u0430. \u041e\u0440\u0438\u0433\u0438\u043d\u0430\u043b\u044c\u043d\u0430\u044f \u043c\u0435\u0434\u044c. \u0412\u043d\u0443\u0442\u0440\u0435\u043d\u043d\u044f\u044f \u043f\u043e\u0432\u0435\u0440\u0445\u043d\u043e\u0441\u0442\u044c \u043f\u043e\u043b\u043d\u043e\u0441\u0442\u044c\u044e \u0436\u0435\u0441\u0442\u044c. \u0425\u0440\u043e\u043c\u043e\u043d\u0438\u043a\u0435\u043b\u0435\u0432\u043e\u0435 \u043f\u043e\u043a\u0440\u044b\u0442\u0438\u0435.<\/p>\n","protected":false},"featured_media":2322,"comment_status":"open","ping_status":"closed","template":"","meta":{"_joinchat":[]},"product_cat":[384,385,517],"product_tag":[],"_links":{"self":[{"href":"https:\/\/glasstigershisha.com\/ru\/wp-json\/wp\/v2\/product\/1733"}],"collection":[{"href":"https:\/\/glasstigershisha.com\/ru\/wp-json\/wp\/v2\/product"}],"about":[{"href":"https:\/\/glasstigershisha.com\/ru\/wp-json\/wp\/v2\/types\/product"}],"replies":[{"embeddable":true,"href":"https:\/\/glasstigershisha.com\/ru\/wp-json\/wp\/v2\/comments?post=1733"}],"wp:featuredmedia":[{"embeddable":true,"href":"https:\/\/glasstigershisha.com\/ru\/wp-json\/wp\/v2\/media\/2322"}],"wp:attachment":[{"href":"https:\/\/glasstigershisha.com\/ru\/wp-json\/wp\/v2\/media?parent=1733"}],"wp:term":[{"taxonomy":"product_cat","embeddable":true,"href":"https:\/\/glasstigershisha.com\/ru\/wp-json\/wp\/v2\/product_cat?post=1733"},{"taxonomy":"product_tag","embeddable":true,"href":"https:\/\/glasstigershisha.com\/ru\/wp-json\/wp\/v2\/product_tag?post=1733"}],"curies":[{"name":"wp","href":"https:\/\/api.w.org\/{rel}","templated":true}]}}