{"id":1618,"date":"2023-12-12T07:42:52","date_gmt":"2023-12-12T07:42:52","guid":{"rendered":"https:\/\/glasstigershisha.com\/urun\/ahsap-gorunumlu-aluminyum-govde-paslanmaz-ic-borulu-nargile-setler\/"},"modified":"2023-12-16T08:13:14","modified_gmt":"2023-12-16T08:13:14","slug":"ahsap-gorunumlu-aluminyum-govde-paslanmaz-ic-borulu-nargile-setler","status":"publish","type":"product","link":"https:\/\/glasstigershisha.com\/ru\/product\/ahsap-gorunumlu-aluminyum-govde-paslanmaz-ic-borulu-nargile-setler\/","title":{"rendered":"GT-103 Ah\u015fap Kaplama G\u00f6r\u00fcn\u00fcml\u00fc Nargile Tak\u0131m\u0131"},"content":{"rendered":"<ul>\n<li>\u041e\u0440\u0438\u0433\u0438\u043d\u0430\u043b\u044c\u043d\u044b\u0439 \u0430\u043b\u044e\u043c\u0438\u043d\u0438\u0435\u0432\u044b\u0439 \u043a\u043e\u0440\u043f\u0443\u0441.<\/li>\n<li>\u0422\u0435\u0440\u043c\u043e\u0441\u0442\u043e\u0439\u043a\u043e\u0435 \u043f\u043e\u043a\u0440\u044b\u0442\u0438\u0435 450 \u0433\u0440\u0430\u0434\u0443\u0441\u043e\u0432.<\/li>\n<li>\u0421\u043f\u0435\u0446\u0438\u0430\u043b\u044c\u043d\u043e\u0435 \u043f\u043e\u043a\u0440\u044b\u0442\u0438\u0435 \u0441 \u0440\u0438\u0441\u0443\u043d\u043a\u043e\u043c.<\/li>\n<li>\u0412\u043d\u0443\u0442\u0440\u0435\u043d\u043d\u044f\u044f \u0442\u0440\u0443\u0431\u043a\u0430 \u0438\u0437 \u043d\u0435\u0440\u0436\u0430\u0432\u0435\u044e\u0449\u0435\u0439 \u0441\u0442\u0430\u043b\u0438.<\/li>\n<\/ul>\n","protected":false},"excerpt":{"rendered":"<p>\u041e\u0440\u0438\u0433\u0438\u043d\u0430\u043b\u044c\u043d\u044b\u0439 \u0430\u043b\u044e\u043c\u0438\u043d\u0438\u0435\u0432\u044b\u0439 \u043a\u043e\u0440\u043f\u0443\u0441. \u0422\u0435\u0440\u043c\u043e\u0441\u0442\u043e\u0439\u043a\u043e\u0435 \u043f\u043e\u043a\u0440\u044b\u0442\u0438\u0435 450 \u0433\u0440\u0430\u0434\u0443\u0441\u043e\u0432. \u0421\u043f\u0435\u0446\u0438\u0430\u043b\u044c\u043d\u043e\u0435 \u043f\u043e\u043a\u0440\u044b\u0442\u0438\u0435 \u0441 \u0440\u0438\u0441\u0443\u043d\u043a\u043e\u043c. \u0412\u043d\u0443\u0442\u0440\u0435\u043d\u043d\u044f\u044f \u0442\u0440\u0443\u0431\u043a\u0430 \u0438\u0437 \u043d\u0435\u0440\u0436\u0430\u0432\u0435\u044e\u0449\u0435\u0439 \u0441\u0442\u0430\u043b\u0438.<\/p>\n","protected":false},"featured_media":1958,"comment_status":"open","ping_status":"closed","template":"","meta":{"_joinchat":[]},"product_cat":[371,508],"product_tag":[],"_links":{"self":[{"href":"https:\/\/glasstigershisha.com\/ru\/wp-json\/wp\/v2\/product\/1618"}],"collection":[{"href":"https:\/\/glasstigershisha.com\/ru\/wp-json\/wp\/v2\/product"}],"about":[{"href":"https:\/\/glasstigershisha.com\/ru\/wp-json\/wp\/v2\/types\/product"}],"replies":[{"embeddable":true,"href":"https:\/\/glasstigershisha.com\/ru\/wp-json\/wp\/v2\/comments?post=1618"}],"wp:featuredmedia":[{"embeddable":true,"href":"https:\/\/glasstigershisha.com\/ru\/wp-json\/wp\/v2\/media\/1958"}],"wp:attachment":[{"href":"https:\/\/glasstigershisha.com\/ru\/wp-json\/wp\/v2\/media?parent=1618"}],"wp:term":[{"taxonomy":"product_cat","embeddable":true,"href":"https:\/\/glasstigershisha.com\/ru\/wp-json\/wp\/v2\/product_cat?post=1618"},{"taxonomy":"product_tag","embeddable":true,"href":"https:\/\/glasstigershisha.com\/ru\/wp-json\/wp\/v2\/product_tag?post=1618"}],"curies":[{"name":"wp","href":"https:\/\/api.w.org\/{rel}","templated":true}]}}