{"id":1506,"date":"2023-12-12T10:48:26","date_gmt":"2023-12-12T10:48:26","guid":{"rendered":"https:\/\/glasstigershisha.com\/urun\/ozel-el-iscilikli-bakir-sekerlik-2\/"},"modified":"2023-12-21T13:43:26","modified_gmt":"2023-12-21T13:43:26","slug":"ozel-el-iscilikli-bakir-sekerlik-2","status":"publish","type":"product","link":"https:\/\/glasstigershisha.com\/ru\/product\/ozel-el-iscilikli-bakir-sekerlik-2\/","title":{"rendered":"\u00d6zel El \u0130\u015f\u00e7ilikli Bak\u0131r \u015eekerlik"},"content":{"rendered":"","protected":false},"excerpt":{"rendered":"","protected":false},"featured_media":2277,"comment_status":"open","ping_status":"closed","template":"","meta":{"_joinchat":[]},"product_cat":[384,408],"product_tag":[],"_links":{"self":[{"href":"https:\/\/glasstigershisha.com\/ru\/wp-json\/wp\/v2\/product\/1506"}],"collection":[{"href":"https:\/\/glasstigershisha.com\/ru\/wp-json\/wp\/v2\/product"}],"about":[{"href":"https:\/\/glasstigershisha.com\/ru\/wp-json\/wp\/v2\/types\/product"}],"replies":[{"embeddable":true,"href":"https:\/\/glasstigershisha.com\/ru\/wp-json\/wp\/v2\/comments?post=1506"}],"wp:featuredmedia":[{"embeddable":true,"href":"https:\/\/glasstigershisha.com\/ru\/wp-json\/wp\/v2\/media\/2277"}],"wp:attachment":[{"href":"https:\/\/glasstigershisha.com\/ru\/wp-json\/wp\/v2\/media?parent=1506"}],"wp:term":[{"taxonomy":"product_cat","embeddable":true,"href":"https:\/\/glasstigershisha.com\/ru\/wp-json\/wp\/v2\/product_cat?post=1506"},{"taxonomy":"product_tag","embeddable":true,"href":"https:\/\/glasstigershisha.com\/ru\/wp-json\/wp\/v2\/product_tag?post=1506"}],"curies":[{"name":"wp","href":"https:\/\/api.w.org\/{rel}","templated":true}]}}