{"id":1804,"date":"2023-12-11T08:16:56","date_gmt":"2023-12-11T08:16:56","guid":{"rendered":"https:\/\/glasstigershisha.com\/urun\/beyzboll-tip-ahsap-gorunum-kaplamali-ve-karisik-desen-kaplamali-paslanmaz-ic-borulu-nargile-setler\/"},"modified":"2023-12-16T09:57:06","modified_gmt":"2023-12-16T09:57:06","slug":"beyzboll-tip-ahsap-gorunum-kaplamali-ve-karisik-desen-kaplamali-paslanmaz-ic-borulu-nargile-setler","status":"publish","type":"product","link":"https:\/\/glasstigershisha.com\/fr\/produit\/beyzboll-tip-ahsap-gorunum-kaplamali-ve-karisik-desen-kaplamali-paslanmaz-ic-borulu-nargile-setler\/","title":{"rendered":"GT-071 Ensemble de narguil\u00e9 en bois et drapeau turc, Type Baseball, avec rev\u00eatement et motif mixte"},"content":{"rendered":"<p>ENSEMBLE DE NARGUIL\u00c9 MOD\u00c8LE BASEBALL<\/p>\n<ul>\n<li>Rev\u00eatement r\u00e9sistant \u00e0 la chaleur \u00e0 450 degr\u00e9s.<\/li>\n<li>Aspect sp\u00e9cial placage bois.<\/li>\n<li>Corps en aluminium d&rsquo;origine.<\/li>\n<li>Chambre \u00e0 air en acier inoxydable.<\/li>\n<\/ul>\n<p>&nbsp;<\/p>\n<p>&nbsp;<\/p>\n<p>&nbsp;<\/p>\n<p>&nbsp;<\/p>\n<p>&nbsp;<\/p>\n","protected":false},"excerpt":{"rendered":"<p>ENSEMBLE DE NARGUIL\u00c9 MOD\u00c8LE BASEBALL Rev\u00eatement r\u00e9sistant \u00e0 la chaleur \u00e0 450 degr\u00e9s. Aspect sp\u00e9cial placage bois. Corps en aluminium<\/p>\n","protected":false},"featured_media":2016,"comment_status":"open","ping_status":"closed","template":"","meta":{"_joinchat":[]},"product_cat":[303,305],"product_tag":[],"_links":{"self":[{"href":"https:\/\/glasstigershisha.com\/fr\/wp-json\/wp\/v2\/product\/1804"}],"collection":[{"href":"https:\/\/glasstigershisha.com\/fr\/wp-json\/wp\/v2\/product"}],"about":[{"href":"https:\/\/glasstigershisha.com\/fr\/wp-json\/wp\/v2\/types\/product"}],"replies":[{"embeddable":true,"href":"https:\/\/glasstigershisha.com\/fr\/wp-json\/wp\/v2\/comments?post=1804"}],"wp:featuredmedia":[{"embeddable":true,"href":"https:\/\/glasstigershisha.com\/fr\/wp-json\/wp\/v2\/media\/2016"}],"wp:attachment":[{"href":"https:\/\/glasstigershisha.com\/fr\/wp-json\/wp\/v2\/media?parent=1804"}],"wp:term":[{"taxonomy":"product_cat","embeddable":true,"href":"https:\/\/glasstigershisha.com\/fr\/wp-json\/wp\/v2\/product_cat?post=1804"},{"taxonomy":"product_tag","embeddable":true,"href":"https:\/\/glasstigershisha.com\/fr\/wp-json\/wp\/v2\/product_tag?post=1804"}],"curies":[{"name":"wp","href":"https:\/\/api.w.org\/{rel}","templated":true}]}}