{"id":1800,"date":"2023-12-11T08:33:29","date_gmt":"2023-12-11T08:33:29","guid":{"rendered":"https:\/\/glasstigershisha.com\/urun\/tek-goril-figurlu-hayvan\/"},"modified":"2023-12-21T09:16:09","modified_gmt":"2023-12-21T09:16:09","slug":"tek-goril-figurlu-hayvan","status":"publish","type":"product","link":"https:\/\/glasstigershisha.com\/fr\/produit\/tek-goril-figurlu-hayvan\/","title":{"rendered":"TEK GOR\u0130L F\u0130G\u00dcRL\u00dc HAYVAN"},"content":{"rendered":"","protected":false},"excerpt":{"rendered":"","protected":false},"featured_media":2011,"comment_status":"open","ping_status":"closed","template":"","meta":{"_joinchat":[]},"product_cat":[303,307],"product_tag":[],"_links":{"self":[{"href":"https:\/\/glasstigershisha.com\/fr\/wp-json\/wp\/v2\/product\/1800"}],"collection":[{"href":"https:\/\/glasstigershisha.com\/fr\/wp-json\/wp\/v2\/product"}],"about":[{"href":"https:\/\/glasstigershisha.com\/fr\/wp-json\/wp\/v2\/types\/product"}],"replies":[{"embeddable":true,"href":"https:\/\/glasstigershisha.com\/fr\/wp-json\/wp\/v2\/comments?post=1800"}],"wp:featuredmedia":[{"embeddable":true,"href":"https:\/\/glasstigershisha.com\/fr\/wp-json\/wp\/v2\/media\/2011"}],"wp:attachment":[{"href":"https:\/\/glasstigershisha.com\/fr\/wp-json\/wp\/v2\/media?parent=1800"}],"wp:term":[{"taxonomy":"product_cat","embeddable":true,"href":"https:\/\/glasstigershisha.com\/fr\/wp-json\/wp\/v2\/product_cat?post=1800"},{"taxonomy":"product_tag","embeddable":true,"href":"https:\/\/glasstigershisha.com\/fr\/wp-json\/wp\/v2\/product_tag?post=1800"}],"curies":[{"name":"wp","href":"https:\/\/api.w.org\/{rel}","templated":true}]}}