{"id":1796,"date":"2023-12-11T08:50:41","date_gmt":"2023-12-11T08:50:41","guid":{"rendered":"https:\/\/glasstigershisha.com\/urun\/ejderha-figurlu-nargile-takim\/"},"modified":"2023-12-21T09:12:07","modified_gmt":"2023-12-21T09:12:07","slug":"ejderha-figurlu-nargile-takim","status":"publish","type":"product","link":"https:\/\/glasstigershisha.com\/fr\/produit\/ejderha-figurlu-nargile-takim\/","title":{"rendered":"EJDERHA F\u0130G\u00dcRL\u00dc NARG\u0130LE TAKIM"},"content":{"rendered":"","protected":false},"excerpt":{"rendered":"","protected":false},"featured_media":2001,"comment_status":"open","ping_status":"closed","template":"","meta":{"_joinchat":[]},"product_cat":[303,307],"product_tag":[],"_links":{"self":[{"href":"https:\/\/glasstigershisha.com\/fr\/wp-json\/wp\/v2\/product\/1796"}],"collection":[{"href":"https:\/\/glasstigershisha.com\/fr\/wp-json\/wp\/v2\/product"}],"about":[{"href":"https:\/\/glasstigershisha.com\/fr\/wp-json\/wp\/v2\/types\/product"}],"replies":[{"embeddable":true,"href":"https:\/\/glasstigershisha.com\/fr\/wp-json\/wp\/v2\/comments?post=1796"}],"wp:featuredmedia":[{"embeddable":true,"href":"https:\/\/glasstigershisha.com\/fr\/wp-json\/wp\/v2\/media\/2001"}],"wp:attachment":[{"href":"https:\/\/glasstigershisha.com\/fr\/wp-json\/wp\/v2\/media?parent=1796"}],"wp:term":[{"taxonomy":"product_cat","embeddable":true,"href":"https:\/\/glasstigershisha.com\/fr\/wp-json\/wp\/v2\/product_cat?post=1796"},{"taxonomy":"product_tag","embeddable":true,"href":"https:\/\/glasstigershisha.com\/fr\/wp-json\/wp\/v2\/product_tag?post=1796"}],"curies":[{"name":"wp","href":"https:\/\/api.w.org\/{rel}","templated":true}]}}