{"id":1777,"date":"2023-12-11T08:59:36","date_gmt":"2023-12-11T08:59:36","guid":{"rendered":"https:\/\/glasstigershisha.com\/urun\/buda-figurlu-nargile-takim\/"},"modified":"2023-12-21T09:14:31","modified_gmt":"2023-12-21T09:14:31","slug":"buda-figurlu-nargile-takim","status":"publish","type":"product","link":"https:\/\/glasstigershisha.com\/fr\/produit\/buda-figurlu-nargile-takim\/","title":{"rendered":"BUDA F\u0130G\u00dcRL\u00dc NARG\u0130LE TAKIM"},"content":{"rendered":"","protected":false},"excerpt":{"rendered":"","protected":false},"featured_media":2006,"comment_status":"open","ping_status":"closed","template":"","meta":{"_joinchat":[]},"product_cat":[303,307],"product_tag":[],"_links":{"self":[{"href":"https:\/\/glasstigershisha.com\/fr\/wp-json\/wp\/v2\/product\/1777"}],"collection":[{"href":"https:\/\/glasstigershisha.com\/fr\/wp-json\/wp\/v2\/product"}],"about":[{"href":"https:\/\/glasstigershisha.com\/fr\/wp-json\/wp\/v2\/types\/product"}],"replies":[{"embeddable":true,"href":"https:\/\/glasstigershisha.com\/fr\/wp-json\/wp\/v2\/comments?post=1777"}],"wp:featuredmedia":[{"embeddable":true,"href":"https:\/\/glasstigershisha.com\/fr\/wp-json\/wp\/v2\/media\/2006"}],"wp:attachment":[{"href":"https:\/\/glasstigershisha.com\/fr\/wp-json\/wp\/v2\/media?parent=1777"}],"wp:term":[{"taxonomy":"product_cat","embeddable":true,"href":"https:\/\/glasstigershisha.com\/fr\/wp-json\/wp\/v2\/product_cat?post=1777"},{"taxonomy":"product_tag","embeddable":true,"href":"https:\/\/glasstigershisha.com\/fr\/wp-json\/wp\/v2\/product_tag?post=1777"}],"curies":[{"name":"wp","href":"https:\/\/api.w.org\/{rel}","templated":true}]}}