{"id":1765,"date":"2023-12-11T09:52:14","date_gmt":"2023-12-11T09:52:14","guid":{"rendered":"https:\/\/glasstigershisha.com\/urun\/beyzbol-tipi-krom-kaplama-paslanmaz-ic-borulu-nargile-seti\/"},"modified":"2023-12-16T07:21:58","modified_gmt":"2023-12-16T07:21:58","slug":"beyzbol-tipi-krom-kaplama-paslanmaz-ic-borulu-nargile-seti","status":"publish","type":"product","link":"https:\/\/glasstigershisha.com\/fr\/produit\/beyzbol-tipi-krom-kaplama-paslanmaz-ic-borulu-nargile-seti\/","title":{"rendered":"GT-063 Ensemble de narguil\u00e9 enduit d&rsquo;aluminium"},"content":{"rendered":"<ul>\n<li><strong>Corps en aluminium d&rsquo;origine.<\/strong><\/li>\n<li>\n<div id=\"tw-target-text-container\" class=\"tw-ta-container F0azHf tw-nfl\" tabindex=\"0\">\n<pre id=\"tw-target-text\" class=\"tw-data-text tw-text-large tw-ta\" dir=\"ltr\" data-placeholder=\"\u00c7eviri\" data-ved=\"2ahUKEwilnKmzlZGDAxWhSvEDHRO9BwkQ3ewLegQIBRAQ\"><strong><span class=\"Y2IQFc\" lang=\"fr\">Chrom\u00e9.<\/span><\/strong><\/pre>\n<\/div>\n<\/li>\n<li>\n<div id=\"tw-target-text-container\" class=\"tw-ta-container F0azHf tw-nfl\" tabindex=\"0\">\n<pre id=\"tw-target-text\" class=\"tw-data-text tw-text-large tw-ta\" dir=\"ltr\" data-placeholder=\"\u00c7eviri\" data-ved=\"2ahUKEwilnKmzlZGDAxWhSvEDHRO9BwkQ3ewLegQIBRAQ\"><strong><span class=\"Y2IQFc\" lang=\"fr\">3 couleurs (Jaune-Cuivre-Chrome)<\/span><\/strong><\/pre>\n<\/div>\n<\/li>\n<li>\n<div id=\"tw-target-text-container\" class=\"tw-ta-container F0azHf tw-nfl\" tabindex=\"0\">\n<pre id=\"tw-target-text\" class=\"tw-data-text tw-text-large tw-ta\" dir=\"ltr\" data-placeholder=\"\u00c7eviri\" data-ved=\"2ahUKEwilnKmzlZGDAxWhSvEDHRO9BwkQ3ewLegQIBRAQ\"><strong><span class=\"Y2IQFc\" lang=\"fr\">Syst\u00e8me de bouff\u00e9e.<\/span><\/strong><\/pre>\n<\/div>\n<div class=\"iYB33c\">\n<div class=\"dlJLJe\"><\/div>\n<\/div>\n<\/li>\n<\/ul>\n","protected":false},"excerpt":{"rendered":"<p>Corps en aluminium d&rsquo;origine. Chrom\u00e9. 3 couleurs (Jaune-Cuivre-Chrome) Syst\u00e8me de bouff\u00e9e.<\/p>\n","protected":false},"featured_media":1912,"comment_status":"open","ping_status":"closed","template":"","meta":{"_joinchat":[]},"product_cat":[303,312],"product_tag":[],"_links":{"self":[{"href":"https:\/\/glasstigershisha.com\/fr\/wp-json\/wp\/v2\/product\/1765"}],"collection":[{"href":"https:\/\/glasstigershisha.com\/fr\/wp-json\/wp\/v2\/product"}],"about":[{"href":"https:\/\/glasstigershisha.com\/fr\/wp-json\/wp\/v2\/types\/product"}],"replies":[{"embeddable":true,"href":"https:\/\/glasstigershisha.com\/fr\/wp-json\/wp\/v2\/comments?post=1765"}],"wp:featuredmedia":[{"embeddable":true,"href":"https:\/\/glasstigershisha.com\/fr\/wp-json\/wp\/v2\/media\/1912"}],"wp:attachment":[{"href":"https:\/\/glasstigershisha.com\/fr\/wp-json\/wp\/v2\/media?parent=1765"}],"wp:term":[{"taxonomy":"product_cat","embeddable":true,"href":"https:\/\/glasstigershisha.com\/fr\/wp-json\/wp\/v2\/product_cat?post=1765"},{"taxonomy":"product_tag","embeddable":true,"href":"https:\/\/glasstigershisha.com\/fr\/wp-json\/wp\/v2\/product_tag?post=1765"}],"curies":[{"name":"wp","href":"https:\/\/api.w.org\/{rel}","templated":true}]}}