{"id":1743,"date":"2023-12-11T11:29:34","date_gmt":"2023-12-11T11:29:34","guid":{"rendered":"https:\/\/glasstigershisha.com\/urun\/6-7-8-no-kalin-bakir-cezve-takimi\/"},"modified":"2023-12-16T11:00:30","modified_gmt":"2023-12-16T11:00:30","slug":"6-7-8-no-kalin-bakir-cezve-takimi","status":"publish","type":"product","link":"https:\/\/glasstigershisha.com\/fr\/produit\/6-7-8-no-kalin-bakir-cezve-takimi\/","title":{"rendered":"Ensemble de cafeti\u00e8re en cuivre \u00e9pais n\u00b0 6-7-8"},"content":{"rendered":"<ul>\n<li>Ensemble de cafeti\u00e8res en cuivre \u00e9pais de 3 tailles (6-7-8).<br \/>\nManche en Zamak.<br \/>\nLa surface int\u00e9rieure est enti\u00e8rement en \u00e9tain.<\/li>\n<\/ul>\n","protected":false},"excerpt":{"rendered":"<p>Ensemble de cafeti\u00e8res en cuivre \u00e9pais de 3 tailles (6-7-8). Manche en Zamak. La surface int\u00e9rieure est enti\u00e8rement en \u00e9tain.<\/p>\n","protected":false},"featured_media":2266,"comment_status":"open","ping_status":"closed","template":"","meta":{"_joinchat":[]},"product_cat":[316,317,318],"product_tag":[],"_links":{"self":[{"href":"https:\/\/glasstigershisha.com\/fr\/wp-json\/wp\/v2\/product\/1743"}],"collection":[{"href":"https:\/\/glasstigershisha.com\/fr\/wp-json\/wp\/v2\/product"}],"about":[{"href":"https:\/\/glasstigershisha.com\/fr\/wp-json\/wp\/v2\/types\/product"}],"replies":[{"embeddable":true,"href":"https:\/\/glasstigershisha.com\/fr\/wp-json\/wp\/v2\/comments?post=1743"}],"wp:featuredmedia":[{"embeddable":true,"href":"https:\/\/glasstigershisha.com\/fr\/wp-json\/wp\/v2\/media\/2266"}],"wp:attachment":[{"href":"https:\/\/glasstigershisha.com\/fr\/wp-json\/wp\/v2\/media?parent=1743"}],"wp:term":[{"taxonomy":"product_cat","embeddable":true,"href":"https:\/\/glasstigershisha.com\/fr\/wp-json\/wp\/v2\/product_cat?post=1743"},{"taxonomy":"product_tag","embeddable":true,"href":"https:\/\/glasstigershisha.com\/fr\/wp-json\/wp\/v2\/product_tag?post=1743"}],"curies":[{"name":"wp","href":"https:\/\/api.w.org\/{rel}","templated":true}]}}