{"id":1731,"date":"2023-12-11T12:52:28","date_gmt":"2023-12-11T12:52:28","guid":{"rendered":"https:\/\/glasstigershisha.com\/urun\/islemeli-buyuk-boy-bakir-caydanlik\/"},"modified":"2026-02-03T16:56:42","modified_gmt":"2026-02-03T16:56:42","slug":"islemeli-buyuk-boy-bakir-caydanlik","status":"publish","type":"product","link":"https:\/\/glasstigershisha.com\/fr\/produit\/islemeli-buyuk-boy-bakir-caydanlik\/","title":{"rendered":"Th\u00e9i\u00e8re en cuivre brod\u00e9e de grande taille"},"content":{"rendered":"<ul>\n<li>Manche en bois.<br \/>\nCuivre d\u2019origine.<br \/>\nLa surface int\u00e9rieure est enti\u00e8rement en \u00e9tain.<br \/>\nPlacage chrome-nickel.<\/li>\n<\/ul>\n","protected":false},"excerpt":{"rendered":"<p>Manche en bois. Cuivre d\u2019origine. La surface int\u00e9rieure est enti\u00e8rement en \u00e9tain. Placage chrome-nickel.<\/p>\n","protected":false},"featured_media":2321,"comment_status":"open","ping_status":"closed","template":"","meta":{"_joinchat":[]},"product_cat":[316,317,516],"product_tag":[],"_links":{"self":[{"href":"https:\/\/glasstigershisha.com\/fr\/wp-json\/wp\/v2\/product\/1731"}],"collection":[{"href":"https:\/\/glasstigershisha.com\/fr\/wp-json\/wp\/v2\/product"}],"about":[{"href":"https:\/\/glasstigershisha.com\/fr\/wp-json\/wp\/v2\/types\/product"}],"replies":[{"embeddable":true,"href":"https:\/\/glasstigershisha.com\/fr\/wp-json\/wp\/v2\/comments?post=1731"}],"wp:featuredmedia":[{"embeddable":true,"href":"https:\/\/glasstigershisha.com\/fr\/wp-json\/wp\/v2\/media\/2321"}],"wp:attachment":[{"href":"https:\/\/glasstigershisha.com\/fr\/wp-json\/wp\/v2\/media?parent=1731"}],"wp:term":[{"taxonomy":"product_cat","embeddable":true,"href":"https:\/\/glasstigershisha.com\/fr\/wp-json\/wp\/v2\/product_cat?post=1731"},{"taxonomy":"product_tag","embeddable":true,"href":"https:\/\/glasstigershisha.com\/fr\/wp-json\/wp\/v2\/product_tag?post=1731"}],"curies":[{"name":"wp","href":"https:\/\/api.w.org\/{rel}","templated":true}]}}