{"id":1725,"date":"2023-12-11T12:53:36","date_gmt":"2023-12-11T12:53:36","guid":{"rendered":"https:\/\/glasstigershisha.com\/urun\/islemeli-kucuk-boy-bakir-caydanlik\/"},"modified":"2023-12-16T10:14:56","modified_gmt":"2023-12-16T10:14:56","slug":"islemeli-kucuk-boy-bakir-caydanlik","status":"publish","type":"product","link":"https:\/\/glasstigershisha.com\/fr\/produit\/islemeli-kucuk-boy-bakir-caydanlik\/","title":{"rendered":"Th\u00e9i\u00e8re en cuivre brod\u00e9e de petite taille"},"content":{"rendered":"<ul>\n<li>Manche en bois.<br \/>\nCuivre d\u2019origine.<br \/>\nLa surface int\u00e9rieure est enti\u00e8rement en \u00e9tain.<br \/>\nPlacage chrome-nickel.<\/li>\n<\/ul>\n","protected":false},"excerpt":{"rendered":"<p>Manche en bois. Cuivre d\u2019origine. La surface int\u00e9rieure est enti\u00e8rement en \u00e9tain. Placage chrome-nickel.<\/p>\n","protected":false},"featured_media":2296,"comment_status":"open","ping_status":"closed","template":"","meta":{"_joinchat":[]},"product_cat":[316,317,516],"product_tag":[],"_links":{"self":[{"href":"https:\/\/glasstigershisha.com\/fr\/wp-json\/wp\/v2\/product\/1725"}],"collection":[{"href":"https:\/\/glasstigershisha.com\/fr\/wp-json\/wp\/v2\/product"}],"about":[{"href":"https:\/\/glasstigershisha.com\/fr\/wp-json\/wp\/v2\/types\/product"}],"replies":[{"embeddable":true,"href":"https:\/\/glasstigershisha.com\/fr\/wp-json\/wp\/v2\/comments?post=1725"}],"wp:featuredmedia":[{"embeddable":true,"href":"https:\/\/glasstigershisha.com\/fr\/wp-json\/wp\/v2\/media\/2296"}],"wp:attachment":[{"href":"https:\/\/glasstigershisha.com\/fr\/wp-json\/wp\/v2\/media?parent=1725"}],"wp:term":[{"taxonomy":"product_cat","embeddable":true,"href":"https:\/\/glasstigershisha.com\/fr\/wp-json\/wp\/v2\/product_cat?post=1725"},{"taxonomy":"product_tag","embeddable":true,"href":"https:\/\/glasstigershisha.com\/fr\/wp-json\/wp\/v2\/product_tag?post=1725"}],"curies":[{"name":"wp","href":"https:\/\/api.w.org\/{rel}","templated":true}]}}