{"id":1700,"date":"2023-12-11T13:19:10","date_gmt":"2023-12-11T13:19:10","guid":{"rendered":"https:\/\/glasstigershisha.com\/urun\/zamak-6li-kahve-seti-3\/"},"modified":"2023-12-16T14:15:10","modified_gmt":"2023-12-16T14:15:10","slug":"zamak-6li-kahve-seti-3","status":"publish","type":"product","link":"https:\/\/glasstigershisha.com\/fr\/produit\/zamak-6li-kahve-seti-3\/","title":{"rendered":"Service \u00e0 caf\u00e9 6 pi\u00e8ces en Zamak"},"content":{"rendered":"<ul>\n<li>Chromage jaune.<br \/>\nTasse en c\u00e9ramique.<br \/>\n6 tasses.<br \/>\n1 bol de d\u00e9lices turcs.<\/li>\n<\/ul>\n","protected":false},"excerpt":{"rendered":"<p>Chromage jaune. Tasse en c\u00e9ramique. 6 tasses. 1 bol de d\u00e9lices turcs.<\/p>\n","protected":false},"featured_media":2036,"comment_status":"open","ping_status":"closed","template":"","meta":{"_joinchat":[]},"product_cat":[316,330,338],"product_tag":[],"_links":{"self":[{"href":"https:\/\/glasstigershisha.com\/fr\/wp-json\/wp\/v2\/product\/1700"}],"collection":[{"href":"https:\/\/glasstigershisha.com\/fr\/wp-json\/wp\/v2\/product"}],"about":[{"href":"https:\/\/glasstigershisha.com\/fr\/wp-json\/wp\/v2\/types\/product"}],"replies":[{"embeddable":true,"href":"https:\/\/glasstigershisha.com\/fr\/wp-json\/wp\/v2\/comments?post=1700"}],"wp:featuredmedia":[{"embeddable":true,"href":"https:\/\/glasstigershisha.com\/fr\/wp-json\/wp\/v2\/media\/2036"}],"wp:attachment":[{"href":"https:\/\/glasstigershisha.com\/fr\/wp-json\/wp\/v2\/media?parent=1700"}],"wp:term":[{"taxonomy":"product_cat","embeddable":true,"href":"https:\/\/glasstigershisha.com\/fr\/wp-json\/wp\/v2\/product_cat?post=1700"},{"taxonomy":"product_tag","embeddable":true,"href":"https:\/\/glasstigershisha.com\/fr\/wp-json\/wp\/v2\/product_tag?post=1700"}],"curies":[{"name":"wp","href":"https:\/\/api.w.org\/{rel}","templated":true}]}}