{"id":1692,"date":"2023-12-11T13:34:25","date_gmt":"2023-12-11T13:34:25","guid":{"rendered":"https:\/\/glasstigershisha.com\/urun\/islemeli-isiticili-buyuk-boy-caydanlik-2\/"},"modified":"2023-12-16T10:24:24","modified_gmt":"2023-12-16T10:24:24","slug":"islemeli-isiticili-buyuk-boy-caydanlik-2","status":"publish","type":"product","link":"https:\/\/glasstigershisha.com\/fr\/produit\/islemeli-isiticili-buyuk-boy-caydanlik-2\/","title":{"rendered":"Th\u00e9i\u00e8re de grande taille avec chauffage brod\u00e9"},"content":{"rendered":"<ul>\n<li>Manche en bois.<br \/>\nCuivre d&rsquo;origine.<br \/>\nLa surface int\u00e9rieure est enti\u00e8rement en \u00e9tain.<br \/>\nAvec chauffage.<\/li>\n<\/ul>\n","protected":false},"excerpt":{"rendered":"<p>Manche en bois. Cuivre d&rsquo;origine. La surface int\u00e9rieure est enti\u00e8rement en \u00e9tain. Avec chauffage.<\/p>\n","protected":false},"featured_media":2316,"comment_status":"open","ping_status":"closed","template":"","meta":{"_joinchat":[]},"product_cat":[316,317,516],"product_tag":[],"_links":{"self":[{"href":"https:\/\/glasstigershisha.com\/fr\/wp-json\/wp\/v2\/product\/1692"}],"collection":[{"href":"https:\/\/glasstigershisha.com\/fr\/wp-json\/wp\/v2\/product"}],"about":[{"href":"https:\/\/glasstigershisha.com\/fr\/wp-json\/wp\/v2\/types\/product"}],"replies":[{"embeddable":true,"href":"https:\/\/glasstigershisha.com\/fr\/wp-json\/wp\/v2\/comments?post=1692"}],"wp:featuredmedia":[{"embeddable":true,"href":"https:\/\/glasstigershisha.com\/fr\/wp-json\/wp\/v2\/media\/2316"}],"wp:attachment":[{"href":"https:\/\/glasstigershisha.com\/fr\/wp-json\/wp\/v2\/media?parent=1692"}],"wp:term":[{"taxonomy":"product_cat","embeddable":true,"href":"https:\/\/glasstigershisha.com\/fr\/wp-json\/wp\/v2\/product_cat?post=1692"},{"taxonomy":"product_tag","embeddable":true,"href":"https:\/\/glasstigershisha.com\/fr\/wp-json\/wp\/v2\/product_tag?post=1692"}],"curies":[{"name":"wp","href":"https:\/\/api.w.org\/{rel}","templated":true}]}}