{"id":1672,"date":"2023-12-11T13:49:32","date_gmt":"2023-12-11T13:49:32","guid":{"rendered":"https:\/\/glasstigershisha.com\/urun\/zamak-kahve-degirmeni-2\/"},"modified":"2023-12-16T13:36:09","modified_gmt":"2023-12-16T13:36:09","slug":"zamak-kahve-degirmeni-2","status":"publish","type":"product","link":"https:\/\/glasstigershisha.com\/fr\/produit\/zamak-kahve-degirmeni-2\/","title":{"rendered":"Moulin \u00e0 caf\u00e9 en Zamak"},"content":{"rendered":"<ul>\n<li>Mod\u00e8le en vrac.<br \/>\nChromage jaune.<br \/>\nMoulin \u00e0 caf\u00e9.<\/li>\n<\/ul>\n","protected":false},"excerpt":{"rendered":"<p>Mod\u00e8le en vrac. Chromage jaune. Moulin \u00e0 caf\u00e9.<\/p>\n","protected":false},"featured_media":2106,"comment_status":"open","ping_status":"closed","template":"","meta":{"_joinchat":[]},"product_cat":[316,330,511],"product_tag":[],"_links":{"self":[{"href":"https:\/\/glasstigershisha.com\/fr\/wp-json\/wp\/v2\/product\/1672"}],"collection":[{"href":"https:\/\/glasstigershisha.com\/fr\/wp-json\/wp\/v2\/product"}],"about":[{"href":"https:\/\/glasstigershisha.com\/fr\/wp-json\/wp\/v2\/types\/product"}],"replies":[{"embeddable":true,"href":"https:\/\/glasstigershisha.com\/fr\/wp-json\/wp\/v2\/comments?post=1672"}],"wp:featuredmedia":[{"embeddable":true,"href":"https:\/\/glasstigershisha.com\/fr\/wp-json\/wp\/v2\/media\/2106"}],"wp:attachment":[{"href":"https:\/\/glasstigershisha.com\/fr\/wp-json\/wp\/v2\/media?parent=1672"}],"wp:term":[{"taxonomy":"product_cat","embeddable":true,"href":"https:\/\/glasstigershisha.com\/fr\/wp-json\/wp\/v2\/product_cat?post=1672"},{"taxonomy":"product_tag","embeddable":true,"href":"https:\/\/glasstigershisha.com\/fr\/wp-json\/wp\/v2\/product_tag?post=1672"}],"curies":[{"name":"wp","href":"https:\/\/api.w.org\/{rel}","templated":true}]}}