{"id":1650,"date":"2023-12-11T14:00:37","date_gmt":"2023-12-11T14:00:37","guid":{"rendered":"https:\/\/glasstigershisha.com\/urun\/zamak-kahve-degirmeni-5\/"},"modified":"2023-12-16T13:53:22","modified_gmt":"2023-12-16T13:53:22","slug":"zamak-kahve-degirmeni-5","status":"publish","type":"product","link":"https:\/\/glasstigershisha.com\/fr\/produit\/zamak-kahve-degirmeni-5\/","title":{"rendered":"Moulin \u00e0 caf\u00e9 en Zamak"},"content":{"rendered":"<ul>\n<li>Mod\u00e8le plat.<br \/>\nPlacage chrome-nickel.<br \/>\nMoulin \u00e0 caf\u00e9.<\/li>\n<\/ul>\n","protected":false},"excerpt":{"rendered":"<p>Mod\u00e8le plat. Placage chrome-nickel. Moulin \u00e0 caf\u00e9.<\/p>\n","protected":false},"featured_media":2071,"comment_status":"open","ping_status":"closed","template":"","meta":{"_joinchat":[]},"product_cat":[316,330,511],"product_tag":[],"_links":{"self":[{"href":"https:\/\/glasstigershisha.com\/fr\/wp-json\/wp\/v2\/product\/1650"}],"collection":[{"href":"https:\/\/glasstigershisha.com\/fr\/wp-json\/wp\/v2\/product"}],"about":[{"href":"https:\/\/glasstigershisha.com\/fr\/wp-json\/wp\/v2\/types\/product"}],"replies":[{"embeddable":true,"href":"https:\/\/glasstigershisha.com\/fr\/wp-json\/wp\/v2\/comments?post=1650"}],"wp:featuredmedia":[{"embeddable":true,"href":"https:\/\/glasstigershisha.com\/fr\/wp-json\/wp\/v2\/media\/2071"}],"wp:attachment":[{"href":"https:\/\/glasstigershisha.com\/fr\/wp-json\/wp\/v2\/media?parent=1650"}],"wp:term":[{"taxonomy":"product_cat","embeddable":true,"href":"https:\/\/glasstigershisha.com\/fr\/wp-json\/wp\/v2\/product_cat?post=1650"},{"taxonomy":"product_tag","embeddable":true,"href":"https:\/\/glasstigershisha.com\/fr\/wp-json\/wp\/v2\/product_tag?post=1650"}],"curies":[{"name":"wp","href":"https:\/\/api.w.org\/{rel}","templated":true}]}}