{"id":1625,"date":"2023-12-11T14:26:57","date_gmt":"2023-12-11T14:26:57","guid":{"rendered":"https:\/\/glasstigershisha.com\/urun\/swarovski-tasli-gold-renk-6li-kahve-takimi\/"},"modified":"2023-12-16T12:26:04","modified_gmt":"2023-12-16T12:26:04","slug":"swarovski-tasli-gold-renk-6li-kahve-takimi","status":"publish","type":"product","link":"https:\/\/glasstigershisha.com\/fr\/produit\/swarovski-tasli-gold-renk-6li-kahve-takimi\/","title":{"rendered":"Service \u00e0 caf\u00e9 6 pi\u00e8ces couleur or pierre SWAROVSKI"},"content":{"rendered":"<ul>\n<li>Pav\u00e9 de pierre SWAROVSKI.<br \/>\nChromage jaune.<br \/>\nAvec tasse en c\u00e9ramique.<br \/>\n6 tasses.<br \/>\n1 bol de d\u00e9lices turcs.<\/li>\n<\/ul>\n","protected":false},"excerpt":{"rendered":"<p>Pav\u00e9 de pierre SWAROVSKI. Chromage jaune. Avec tasse en c\u00e9ramique. 6 tasses. 1 bol de d\u00e9lices turcs.<\/p>\n","protected":false},"featured_media":2041,"comment_status":"open","ping_status":"closed","template":"","meta":{"_joinchat":[]},"product_cat":[316,334],"product_tag":[],"_links":{"self":[{"href":"https:\/\/glasstigershisha.com\/fr\/wp-json\/wp\/v2\/product\/1625"}],"collection":[{"href":"https:\/\/glasstigershisha.com\/fr\/wp-json\/wp\/v2\/product"}],"about":[{"href":"https:\/\/glasstigershisha.com\/fr\/wp-json\/wp\/v2\/types\/product"}],"replies":[{"embeddable":true,"href":"https:\/\/glasstigershisha.com\/fr\/wp-json\/wp\/v2\/comments?post=1625"}],"wp:featuredmedia":[{"embeddable":true,"href":"https:\/\/glasstigershisha.com\/fr\/wp-json\/wp\/v2\/media\/2041"}],"wp:attachment":[{"href":"https:\/\/glasstigershisha.com\/fr\/wp-json\/wp\/v2\/media?parent=1625"}],"wp:term":[{"taxonomy":"product_cat","embeddable":true,"href":"https:\/\/glasstigershisha.com\/fr\/wp-json\/wp\/v2\/product_cat?post=1625"},{"taxonomy":"product_tag","embeddable":true,"href":"https:\/\/glasstigershisha.com\/fr\/wp-json\/wp\/v2\/product_tag?post=1625"}],"curies":[{"name":"wp","href":"https:\/\/api.w.org\/{rel}","templated":true}]}}