{"id":1621,"date":"2023-12-12T07:39:16","date_gmt":"2023-12-12T07:39:16","guid":{"rendered":"https:\/\/glasstigershisha.com\/urun\/ahsap-gorunumlu-aluminyum-govde-cizgi-desenli-paslanmaz-ic-borulu-nargile-seti\/"},"modified":"2023-12-16T07:46:02","modified_gmt":"2023-12-16T07:46:02","slug":"ahsap-gorunumlu-aluminyum-govde-cizgi-desenli-paslanmaz-ic-borulu-nargile-seti","status":"publish","type":"product","link":"https:\/\/glasstigershisha.com\/fr\/produit\/ahsap-gorunumlu-aluminyum-govde-cizgi-desenli-paslanmaz-ic-borulu-nargile-seti\/","title":{"rendered":"GT-101 Ensemble de narguil\u00e9 \u00e0 motifs crois\u00e9s avec aspect placage en bois"},"content":{"rendered":"<ul>\n<li><strong>Corps en aluminium d&rsquo;origine.<\/strong><\/li>\n<li><strong>Rev\u00eatement r\u00e9sistant \u00e0 la chaleur \u00e0 450 degr\u00e9s.<\/strong><\/li>\n<li><strong>Mod\u00e8le sp\u00e9cial enduit.<\/strong><\/li>\n<li><strong>Chambre \u00e0 air en acier inoxydable.<\/strong><\/li>\n<\/ul>\n","protected":false},"excerpt":{"rendered":"<p>Corps en aluminium d&rsquo;origine. Rev\u00eatement r\u00e9sistant \u00e0 la chaleur \u00e0 450 degr\u00e9s. Mod\u00e8le sp\u00e9cial enduit. Chambre \u00e0 air en acier<\/p>\n","protected":false},"featured_media":2031,"comment_status":"open","ping_status":"closed","template":"","meta":{"_joinchat":[]},"product_cat":[303,507],"product_tag":[],"_links":{"self":[{"href":"https:\/\/glasstigershisha.com\/fr\/wp-json\/wp\/v2\/product\/1621"}],"collection":[{"href":"https:\/\/glasstigershisha.com\/fr\/wp-json\/wp\/v2\/product"}],"about":[{"href":"https:\/\/glasstigershisha.com\/fr\/wp-json\/wp\/v2\/types\/product"}],"replies":[{"embeddable":true,"href":"https:\/\/glasstigershisha.com\/fr\/wp-json\/wp\/v2\/comments?post=1621"}],"wp:featuredmedia":[{"embeddable":true,"href":"https:\/\/glasstigershisha.com\/fr\/wp-json\/wp\/v2\/media\/2031"}],"wp:attachment":[{"href":"https:\/\/glasstigershisha.com\/fr\/wp-json\/wp\/v2\/media?parent=1621"}],"wp:term":[{"taxonomy":"product_cat","embeddable":true,"href":"https:\/\/glasstigershisha.com\/fr\/wp-json\/wp\/v2\/product_cat?post=1621"},{"taxonomy":"product_tag","embeddable":true,"href":"https:\/\/glasstigershisha.com\/fr\/wp-json\/wp\/v2\/product_tag?post=1621"}],"curies":[{"name":"wp","href":"https:\/\/api.w.org\/{rel}","templated":true}]}}