{"id":1613,"date":"2023-12-12T07:47:47","date_gmt":"2023-12-12T07:47:47","guid":{"rendered":"https:\/\/glasstigershisha.com\/urun\/tas-desenli-nargile-seti\/"},"modified":"2023-12-16T07:43:14","modified_gmt":"2023-12-16T07:43:14","slug":"tas-desenli-nargile-seti","status":"publish","type":"product","link":"https:\/\/glasstigershisha.com\/fr\/produit\/tas-desenli-nargile-seti\/","title":{"rendered":"Gt-022 Ensemble de narguil\u00e9 \u00e0 motifs en marbre"},"content":{"rendered":"<ul>\n<li>\n<p id=\"tw-target-text\" class=\"tw-data-text tw-text-large tw-ta\" dir=\"ltr\" data-placeholder=\"\u00c7eviri\" data-ved=\"2ahUKEwilnKmzlZGDAxWhSvEDHRO9BwkQ3ewLegQIBRAQ\"><strong><span class=\"Y2IQFc\" lang=\"fr\">Corps en aluminium d&rsquo;origine.<\/span><\/strong><\/p>\n<\/li>\n<li>\n<p id=\"tw-target-text\" class=\"tw-data-text tw-text-large tw-ta\" dir=\"ltr\" data-placeholder=\"\u00c7eviri\" data-ved=\"2ahUKEwilnKmzlZGDAxWhSvEDHRO9BwkQ3ewLegQIBRAQ\"><strong><span class=\"Y2IQFc\" lang=\"fr\">Rev\u00eatement r\u00e9sistant \u00e0 la chaleur \u00e0 450 degr\u00e9s.<\/span><\/strong><\/p>\n<\/li>\n<li>\n<p id=\"tw-target-text\" class=\"tw-data-text tw-text-large tw-ta\" dir=\"ltr\" data-placeholder=\"\u00c7eviri\" data-ved=\"2ahUKEwilnKmzlZGDAxWhSvEDHRO9BwkQ3ewLegQIBRAQ\"><strong><span class=\"Y2IQFc\" lang=\"fr\">Rev\u00eatement motif pierre.<\/span><\/strong><\/p>\n<\/li>\n<li><strong>Chambre \u00e0 air en acier inoxydable.<\/strong><\/li>\n<\/ul>\n","protected":false},"excerpt":{"rendered":"<p>Corps en aluminium d&rsquo;origine. Rev\u00eatement r\u00e9sistant \u00e0 la chaleur \u00e0 450 degr\u00e9s. Rev\u00eatement motif pierre. Chambre \u00e0 air en acier<\/p>\n","protected":false},"featured_media":1952,"comment_status":"open","ping_status":"closed","template":"","meta":{"_joinchat":[]},"product_cat":[303,503],"product_tag":[],"_links":{"self":[{"href":"https:\/\/glasstigershisha.com\/fr\/wp-json\/wp\/v2\/product\/1613"}],"collection":[{"href":"https:\/\/glasstigershisha.com\/fr\/wp-json\/wp\/v2\/product"}],"about":[{"href":"https:\/\/glasstigershisha.com\/fr\/wp-json\/wp\/v2\/types\/product"}],"replies":[{"embeddable":true,"href":"https:\/\/glasstigershisha.com\/fr\/wp-json\/wp\/v2\/comments?post=1613"}],"wp:featuredmedia":[{"embeddable":true,"href":"https:\/\/glasstigershisha.com\/fr\/wp-json\/wp\/v2\/media\/1952"}],"wp:attachment":[{"href":"https:\/\/glasstigershisha.com\/fr\/wp-json\/wp\/v2\/media?parent=1613"}],"wp:term":[{"taxonomy":"product_cat","embeddable":true,"href":"https:\/\/glasstigershisha.com\/fr\/wp-json\/wp\/v2\/product_cat?post=1613"},{"taxonomy":"product_tag","embeddable":true,"href":"https:\/\/glasstigershisha.com\/fr\/wp-json\/wp\/v2\/product_tag?post=1613"}],"curies":[{"name":"wp","href":"https:\/\/api.w.org\/{rel}","templated":true}]}}