{"id":1593,"date":"2023-12-12T08:24:08","date_gmt":"2023-12-12T08:24:08","guid":{"rendered":"https:\/\/glasstigershisha.com\/urun\/tas-desenli-masa-ustu-nargile-seti-3\/"},"modified":"2023-12-16T07:36:31","modified_gmt":"2023-12-16T07:36:31","slug":"tas-desenli-masa-ustu-nargile-seti-3","status":"publish","type":"product","link":"https:\/\/glasstigershisha.com\/fr\/produit\/tas-desenli-masa-ustu-nargile-seti-3\/","title":{"rendered":"GT-059 Ensemble de narguil\u00e9 de bureau"},"content":{"rendered":"<div id=\"tw-target-text-container\" class=\"tw-ta-container F0azHf tw-nfl\" tabindex=\"0\">\n<ul>\n<li id=\"tw-target-text\" class=\"tw-data-text tw-text-large tw-ta\" dir=\"ltr\" data-placeholder=\"\u00c7eviri\" data-ved=\"2ahUKEwilnKmzlZGDAxWhSvEDHRO9BwkQ3ewLegQIBRAQ\"><strong><span class=\"Y2IQFc\" lang=\"fr\">Corps en aluminium d&rsquo;origine.<\/span><\/strong><\/li>\n<li class=\"tw-data-text tw-text-large tw-ta\" dir=\"ltr\" data-placeholder=\"\u00c7eviri\" data-ved=\"2ahUKEwilnKmzlZGDAxWhSvEDHRO9BwkQ3ewLegQIBRAQ\"><strong>Rev\u00eatement r\u00e9sistant \u00e0 la chaleur \u00e0 450 degr\u00e9s.<\/strong><\/li>\n<li class=\"tw-data-text tw-text-large tw-ta\" dir=\"ltr\" data-placeholder=\"\u00c7eviri\" data-ved=\"2ahUKEwilnKmzlZGDAxWhSvEDHRO9BwkQ3ewLegQIBRAQ\"><strong>Mod\u00e8le sp\u00e9cial enduit.<\/strong><\/li>\n<li class=\"tw-data-text tw-text-large tw-ta\" dir=\"ltr\" data-placeholder=\"\u00c7eviri\" data-ved=\"2ahUKEwilnKmzlZGDAxWhSvEDHRO9BwkQ3ewLegQIBRAQ\"><strong>Chambre \u00e0 air en acier inoxydable.<\/strong><\/li>\n<\/ul>\n<\/div>\n<div id=\"tw-target-rmn-container\" class=\"tw-target-rmn tw-ta-container F0azHf tw-nfl\">\n<p id=\"tw-target-rmn\" class=\"tw-data-placeholder tw-text-small tw-ta\" dir=\"ltr\"><strong>Ensemble de narguil\u00e9 de bureau.<\/strong><\/p>\n<\/div>\n","protected":false},"excerpt":{"rendered":"<p>Corps en aluminium d&rsquo;origine. Rev\u00eatement r\u00e9sistant \u00e0 la chaleur \u00e0 450 degr\u00e9s. Mod\u00e8le sp\u00e9cial enduit. Chambre \u00e0 air en acier<\/p>\n","protected":false},"featured_media":1907,"comment_status":"open","ping_status":"closed","template":"","meta":{"_joinchat":[]},"product_cat":[303,312],"product_tag":[],"_links":{"self":[{"href":"https:\/\/glasstigershisha.com\/fr\/wp-json\/wp\/v2\/product\/1593"}],"collection":[{"href":"https:\/\/glasstigershisha.com\/fr\/wp-json\/wp\/v2\/product"}],"about":[{"href":"https:\/\/glasstigershisha.com\/fr\/wp-json\/wp\/v2\/types\/product"}],"replies":[{"embeddable":true,"href":"https:\/\/glasstigershisha.com\/fr\/wp-json\/wp\/v2\/comments?post=1593"}],"wp:featuredmedia":[{"embeddable":true,"href":"https:\/\/glasstigershisha.com\/fr\/wp-json\/wp\/v2\/media\/1907"}],"wp:attachment":[{"href":"https:\/\/glasstigershisha.com\/fr\/wp-json\/wp\/v2\/media?parent=1593"}],"wp:term":[{"taxonomy":"product_cat","embeddable":true,"href":"https:\/\/glasstigershisha.com\/fr\/wp-json\/wp\/v2\/product_cat?post=1593"},{"taxonomy":"product_tag","embeddable":true,"href":"https:\/\/glasstigershisha.com\/fr\/wp-json\/wp\/v2\/product_tag?post=1593"}],"curies":[{"name":"wp","href":"https:\/\/api.w.org\/{rel}","templated":true}]}}