{"id":1589,"date":"2023-12-12T08:25:47","date_gmt":"2023-12-12T08:25:47","guid":{"rendered":"https:\/\/glasstigershisha.com\/urun\/ahsap-gorunumlu-aluminyum-govde-cizgi-desenli-paslanmaz-ic-borulu-nargile-seti-2\/"},"modified":"2023-12-16T09:41:32","modified_gmt":"2023-12-16T09:41:32","slug":"ahsap-gorunumlu-aluminyum-govde-cizgi-desenli-paslanmaz-ic-borulu-nargile-seti-2","status":"publish","type":"product","link":"https:\/\/glasstigershisha.com\/fr\/produit\/ahsap-gorunumlu-aluminyum-govde-cizgi-desenli-paslanmaz-ic-borulu-nargile-seti-2\/","title":{"rendered":"GT-058 Ensemble de narguil\u00e9 de bureau avec motif de lignes crois\u00e9es et aspect placage en bois"},"content":{"rendered":"<div id=\"tw-target-text-container\" class=\"tw-ta-container F0azHf tw-nfl\" tabindex=\"0\">\n<ul>\n<li id=\"tw-target-text\" class=\"tw-data-text tw-text-large tw-ta\" dir=\"ltr\" data-placeholder=\"\u00c7eviri\" data-ved=\"2ahUKEwilnKmzlZGDAxWhSvEDHRO9BwkQ3ewLegQIBRAQ\"><strong><span class=\"Y2IQFc\" lang=\"fr\">Corps en aluminium d&rsquo;origine.<\/span><\/strong><\/li>\n<li class=\"tw-data-text tw-text-large tw-ta\" dir=\"ltr\" data-placeholder=\"\u00c7eviri\" data-ved=\"2ahUKEwilnKmzlZGDAxWhSvEDHRO9BwkQ3ewLegQIBRAQ\"><strong>Rev\u00eatement r\u00e9sistant \u00e0 la chaleur \u00e0 450 degr\u00e9s.<\/strong><\/li>\n<li class=\"tw-data-text tw-text-large tw-ta\" dir=\"ltr\" data-placeholder=\"\u00c7eviri\" data-ved=\"2ahUKEwilnKmzlZGDAxWhSvEDHRO9BwkQ3ewLegQIBRAQ\"><strong>Mod\u00e8le sp\u00e9cial enduit.<\/strong><\/li>\n<li class=\"tw-data-text tw-text-large tw-ta\" dir=\"ltr\" data-placeholder=\"\u00c7eviri\" data-ved=\"2ahUKEwilnKmzlZGDAxWhSvEDHRO9BwkQ3ewLegQIBRAQ\"><strong>Chambre \u00e0 air en acier inoxydable.<\/strong><\/li>\n<\/ul>\n<p><strong>Ensemble de narguil\u00e9 de bureau.<\/strong><\/p>\n<\/div>\n<div id=\"tw-target-rmn-container\" class=\"tw-target-rmn tw-ta-container F0azHf tw-nfl\">\n<pre id=\"tw-target-rmn\" class=\"tw-data-placeholder tw-text-small tw-ta\" dir=\"ltr\" data-placeholder=\"\"><\/pre>\n<\/div>\n","protected":false},"excerpt":{"rendered":"<p>Corps en aluminium d&rsquo;origine. Rev\u00eatement r\u00e9sistant \u00e0 la chaleur \u00e0 450 degr\u00e9s. Mod\u00e8le sp\u00e9cial enduit. Chambre \u00e0 air en acier<\/p>\n","protected":false},"featured_media":1892,"comment_status":"open","ping_status":"closed","template":"","meta":{"_joinchat":[]},"product_cat":[303,312],"product_tag":[],"_links":{"self":[{"href":"https:\/\/glasstigershisha.com\/fr\/wp-json\/wp\/v2\/product\/1589"}],"collection":[{"href":"https:\/\/glasstigershisha.com\/fr\/wp-json\/wp\/v2\/product"}],"about":[{"href":"https:\/\/glasstigershisha.com\/fr\/wp-json\/wp\/v2\/types\/product"}],"replies":[{"embeddable":true,"href":"https:\/\/glasstigershisha.com\/fr\/wp-json\/wp\/v2\/comments?post=1589"}],"wp:featuredmedia":[{"embeddable":true,"href":"https:\/\/glasstigershisha.com\/fr\/wp-json\/wp\/v2\/media\/1892"}],"wp:attachment":[{"href":"https:\/\/glasstigershisha.com\/fr\/wp-json\/wp\/v2\/media?parent=1589"}],"wp:term":[{"taxonomy":"product_cat","embeddable":true,"href":"https:\/\/glasstigershisha.com\/fr\/wp-json\/wp\/v2\/product_cat?post=1589"},{"taxonomy":"product_tag","embeddable":true,"href":"https:\/\/glasstigershisha.com\/fr\/wp-json\/wp\/v2\/product_tag?post=1589"}],"curies":[{"name":"wp","href":"https:\/\/api.w.org\/{rel}","templated":true}]}}