{"id":1585,"date":"2023-12-12T08:26:40","date_gmt":"2023-12-12T08:26:40","guid":{"rendered":"https:\/\/glasstigershisha.com\/urun\/ahsap-gorunumlu-aluminyum-govde-paslanmaz-ic-borulu-nargile-seti\/"},"modified":"2023-12-16T09:28:34","modified_gmt":"2023-12-16T09:28:34","slug":"ahsap-gorunumlu-aluminyum-govde-paslanmaz-ic-borulu-nargile-seti","status":"publish","type":"product","link":"https:\/\/glasstigershisha.com\/fr\/produit\/ahsap-gorunumlu-aluminyum-govde-paslanmaz-ic-borulu-nargile-seti\/","title":{"rendered":"GT-057 Ensemble de narguil\u00e9 de bureau avec aspect placage en bois"},"content":{"rendered":"<div id=\"tw-target-text-container\" class=\"tw-ta-container F0azHf tw-nfl\" tabindex=\"0\">\n<ul>\n<li id=\"tw-target-text\" class=\"tw-data-text tw-text-large tw-ta\" dir=\"ltr\" data-placeholder=\"\u00c7eviri\" data-ved=\"2ahUKEwilnKmzlZGDAxWhSvEDHRO9BwkQ3ewLegQIBRAQ\"><strong><span class=\"Y2IQFc\" lang=\"fr\">Corps en aluminium d&rsquo;origine.<\/span><\/strong><\/li>\n<li class=\"tw-data-text tw-text-large tw-ta\" dir=\"ltr\" data-placeholder=\"\u00c7eviri\" data-ved=\"2ahUKEwilnKmzlZGDAxWhSvEDHRO9BwkQ3ewLegQIBRAQ\"><strong>Rev\u00eatement r\u00e9sistant \u00e0 la chaleur \u00e0 450 degr\u00e9s.<\/strong><\/li>\n<li class=\"tw-data-text tw-text-large tw-ta\" dir=\"ltr\" data-placeholder=\"\u00c7eviri\" data-ved=\"2ahUKEwilnKmzlZGDAxWhSvEDHRO9BwkQ3ewLegQIBRAQ\"><strong>en plaqu\u00e9 bois<\/strong><\/li>\n<li class=\"tw-data-text tw-text-large tw-ta\" dir=\"ltr\" data-placeholder=\"\u00c7eviri\" data-ved=\"2ahUKEwilnKmzlZGDAxWhSvEDHRO9BwkQ3ewLegQIBRAQ\"><strong>Chambre \u00e0 air en acier inoxydable.<\/strong><\/li>\n<\/ul>\n<\/div>\n<div class=\"iYB33c\">\n<div class=\"dlJLJe\">\n<div data-cviv=\"false\" data-ved=\"2ahUKEwilnKmzlZGDAxWhSvEDHRO9BwkQz_AEegQIBRAR\">\n<div class=\"U9URNb\"><\/div>\n<\/div>\n<\/div>\n<\/div>\n<div id=\"tw-target-text-container\" class=\"tw-ta-container F0azHf tw-nfl\" tabindex=\"0\">\n<p id=\"tw-target-text\" class=\"tw-data-text tw-text-large tw-ta\" dir=\"ltr\" data-placeholder=\"\u00c7eviri\" data-ved=\"2ahUKEwilnKmzlZGDAxWhSvEDHRO9BwkQ3ewLegQIBRAQ\"><strong>Ensemble de narguil\u00e9 de bureau en placage de bois.<\/strong><\/p>\n<\/div>\n","protected":false},"excerpt":{"rendered":"<p>Corps en aluminium d&rsquo;origine. Rev\u00eatement r\u00e9sistant \u00e0 la chaleur \u00e0 450 degr\u00e9s. en plaqu\u00e9 bois Chambre \u00e0 air en acier<\/p>\n","protected":false},"featured_media":1897,"comment_status":"open","ping_status":"closed","template":"","meta":{"_joinchat":[]},"product_cat":[303,312],"product_tag":[],"_links":{"self":[{"href":"https:\/\/glasstigershisha.com\/fr\/wp-json\/wp\/v2\/product\/1585"}],"collection":[{"href":"https:\/\/glasstigershisha.com\/fr\/wp-json\/wp\/v2\/product"}],"about":[{"href":"https:\/\/glasstigershisha.com\/fr\/wp-json\/wp\/v2\/types\/product"}],"replies":[{"embeddable":true,"href":"https:\/\/glasstigershisha.com\/fr\/wp-json\/wp\/v2\/comments?post=1585"}],"wp:featuredmedia":[{"embeddable":true,"href":"https:\/\/glasstigershisha.com\/fr\/wp-json\/wp\/v2\/media\/1897"}],"wp:attachment":[{"href":"https:\/\/glasstigershisha.com\/fr\/wp-json\/wp\/v2\/media?parent=1585"}],"wp:term":[{"taxonomy":"product_cat","embeddable":true,"href":"https:\/\/glasstigershisha.com\/fr\/wp-json\/wp\/v2\/product_cat?post=1585"},{"taxonomy":"product_tag","embeddable":true,"href":"https:\/\/glasstigershisha.com\/fr\/wp-json\/wp\/v2\/product_tag?post=1585"}],"curies":[{"name":"wp","href":"https:\/\/api.w.org\/{rel}","templated":true}]}}