{"id":1561,"date":"2023-12-12T08:33:56","date_gmt":"2023-12-12T08:33:56","guid":{"rendered":"https:\/\/glasstigershisha.com\/urun\/aluminyum-govde-cizgi-desenli-paslanmaz-ic-borulu-nargile-seti-5\/"},"modified":"2023-12-16T07:30:46","modified_gmt":"2023-12-16T07:30:46","slug":"aluminyum-govde-cizgi-desenli-paslanmaz-ic-borulu-nargile-seti-5","status":"publish","type":"product","link":"https:\/\/glasstigershisha.com\/fr\/produit\/aluminyum-govde-cizgi-desenli-paslanmaz-ic-borulu-nargile-seti-5\/","title":{"rendered":"GT-050 Ensemble de narguil\u00e9 de bureau"},"content":{"rendered":"<div id=\"tw-target-text-container\" class=\"tw-ta-container F0azHf tw-nfl\" tabindex=\"0\">\n<ul>\n<li><strong><span class=\"Y2IQFc\" lang=\"fr\">Corps en aluminium d&rsquo;origine.<\/span><\/strong><\/li>\n<li><strong>Rev\u00eatement r\u00e9sistant \u00e0 la chaleur \u00e0 450 degr\u00e9s.<\/strong><\/li>\n<li><strong>Mod\u00e8le sp\u00e9cial enduit.<\/strong><\/li>\n<li><strong>Chambre \u00e0 air en acier inoxydable.<\/strong><\/li>\n<\/ul>\n<\/div>\n<p><strong><span style=\"font-family: Consolas, Monaco, monospace;\">Ensemble de narguil\u00e9 de bureau.<\/span><\/strong><\/p>\n","protected":false},"excerpt":{"rendered":"<p>Corps en aluminium d&rsquo;origine. Rev\u00eatement r\u00e9sistant \u00e0 la chaleur \u00e0 450 degr\u00e9s. Mod\u00e8le sp\u00e9cial enduit. Chambre \u00e0 air en acier<\/p>\n","protected":false},"featured_media":1872,"comment_status":"open","ping_status":"closed","template":"","meta":{"_joinchat":[]},"product_cat":[303,312],"product_tag":[],"_links":{"self":[{"href":"https:\/\/glasstigershisha.com\/fr\/wp-json\/wp\/v2\/product\/1561"}],"collection":[{"href":"https:\/\/glasstigershisha.com\/fr\/wp-json\/wp\/v2\/product"}],"about":[{"href":"https:\/\/glasstigershisha.com\/fr\/wp-json\/wp\/v2\/types\/product"}],"replies":[{"embeddable":true,"href":"https:\/\/glasstigershisha.com\/fr\/wp-json\/wp\/v2\/comments?post=1561"}],"wp:featuredmedia":[{"embeddable":true,"href":"https:\/\/glasstigershisha.com\/fr\/wp-json\/wp\/v2\/media\/1872"}],"wp:attachment":[{"href":"https:\/\/glasstigershisha.com\/fr\/wp-json\/wp\/v2\/media?parent=1561"}],"wp:term":[{"taxonomy":"product_cat","embeddable":true,"href":"https:\/\/glasstigershisha.com\/fr\/wp-json\/wp\/v2\/product_cat?post=1561"},{"taxonomy":"product_tag","embeddable":true,"href":"https:\/\/glasstigershisha.com\/fr\/wp-json\/wp\/v2\/product_tag?post=1561"}],"curies":[{"name":"wp","href":"https:\/\/api.w.org\/{rel}","templated":true}]}}