{"id":1553,"date":"2023-12-12T09:21:47","date_gmt":"2023-12-12T09:21:47","guid":{"rendered":"https:\/\/glasstigershisha.com\/urun\/el-sanati-ozel-el-iscilikli-bakir-elektirikli-semaver\/"},"modified":"2023-12-16T14:29:55","modified_gmt":"2023-12-16T14:29:55","slug":"el-sanati-ozel-el-iscilikli-bakir-elektirikli-semaver","status":"publish","type":"product","link":"https:\/\/glasstigershisha.com\/fr\/produit\/el-sanati-ozel-el-iscilikli-bakir-elektirikli-semaver\/","title":{"rendered":"Samovar \u00e9lectrique en cuivre fabriqu\u00e9 \u00e0 la main et sp\u00e9cialement fabriqu\u00e9 \u00e0 la main"},"content":{"rendered":"<ul>\n<li>Samovar en cuivre sp\u00e9cialement fabriqu\u00e9 \u00e0 la main.<br \/>\nManche en bois.<br \/>\nLa surface int\u00e9rieure est enti\u00e8rement en \u00e9tain.<br \/>\nAvec thermostat \u00e9lectrique.<br \/>\nEnsemble th\u00e9i\u00e8re.<\/li>\n<\/ul>\n","protected":false},"excerpt":{"rendered":"<p>Samovar en cuivre sp\u00e9cialement fabriqu\u00e9 \u00e0 la main. Manche en bois. La surface int\u00e9rieure est enti\u00e8rement en \u00e9tain. Avec thermostat<\/p>\n","protected":false},"featured_media":2216,"comment_status":"open","ping_status":"closed","template":"","meta":{"_joinchat":[]},"product_cat":[316,328],"product_tag":[],"_links":{"self":[{"href":"https:\/\/glasstigershisha.com\/fr\/wp-json\/wp\/v2\/product\/1553"}],"collection":[{"href":"https:\/\/glasstigershisha.com\/fr\/wp-json\/wp\/v2\/product"}],"about":[{"href":"https:\/\/glasstigershisha.com\/fr\/wp-json\/wp\/v2\/types\/product"}],"replies":[{"embeddable":true,"href":"https:\/\/glasstigershisha.com\/fr\/wp-json\/wp\/v2\/comments?post=1553"}],"wp:featuredmedia":[{"embeddable":true,"href":"https:\/\/glasstigershisha.com\/fr\/wp-json\/wp\/v2\/media\/2216"}],"wp:attachment":[{"href":"https:\/\/glasstigershisha.com\/fr\/wp-json\/wp\/v2\/media?parent=1553"}],"wp:term":[{"taxonomy":"product_cat","embeddable":true,"href":"https:\/\/glasstigershisha.com\/fr\/wp-json\/wp\/v2\/product_cat?post=1553"},{"taxonomy":"product_tag","embeddable":true,"href":"https:\/\/glasstigershisha.com\/fr\/wp-json\/wp\/v2\/product_tag?post=1553"}],"curies":[{"name":"wp","href":"https:\/\/api.w.org\/{rel}","templated":true}]}}