{"id":1549,"date":"2023-12-12T09:28:47","date_gmt":"2023-12-12T09:28:47","guid":{"rendered":"https:\/\/glasstigershisha.com\/urun\/el-sanati-ozel-el-iscilikli-kirmizi-caydanlik-seti\/"},"modified":"2023-12-16T14:25:32","modified_gmt":"2023-12-16T14:25:32","slug":"el-sanati-ozel-el-iscilikli-kirmizi-caydanlik-seti","status":"publish","type":"product","link":"https:\/\/glasstigershisha.com\/fr\/produit\/el-sanati-ozel-el-iscilikli-kirmizi-caydanlik-seti\/","title":{"rendered":"K-001 Ensemble de th\u00e9i\u00e8re rouge artisanal et sp\u00e9cial fabriqu\u00e9 \u00e0 la main"},"content":{"rendered":"<ul>\n<li>Broderie artisanale sp\u00e9ciale.<br \/>\nManche en bois.<br \/>\nLa surface int\u00e9rieure est enti\u00e8rement en \u00e9tain.<br \/>\nN\u00b02<br \/>\nEnsemble th\u00e9i\u00e8re.<\/li>\n<\/ul>\n","protected":false},"excerpt":{"rendered":"<p>Broderie artisanale sp\u00e9ciale. Manche en bois. La surface int\u00e9rieure est enti\u00e8rement en \u00e9tain. N\u00b02 Ensemble th\u00e9i\u00e8re.<\/p>\n","protected":false},"featured_media":2206,"comment_status":"open","ping_status":"closed","template":"","meta":{"_joinchat":[]},"product_cat":[316,328],"product_tag":[],"_links":{"self":[{"href":"https:\/\/glasstigershisha.com\/fr\/wp-json\/wp\/v2\/product\/1549"}],"collection":[{"href":"https:\/\/glasstigershisha.com\/fr\/wp-json\/wp\/v2\/product"}],"about":[{"href":"https:\/\/glasstigershisha.com\/fr\/wp-json\/wp\/v2\/types\/product"}],"replies":[{"embeddable":true,"href":"https:\/\/glasstigershisha.com\/fr\/wp-json\/wp\/v2\/comments?post=1549"}],"wp:featuredmedia":[{"embeddable":true,"href":"https:\/\/glasstigershisha.com\/fr\/wp-json\/wp\/v2\/media\/2206"}],"wp:attachment":[{"href":"https:\/\/glasstigershisha.com\/fr\/wp-json\/wp\/v2\/media?parent=1549"}],"wp:term":[{"taxonomy":"product_cat","embeddable":true,"href":"https:\/\/glasstigershisha.com\/fr\/wp-json\/wp\/v2\/product_cat?post=1549"},{"taxonomy":"product_tag","embeddable":true,"href":"https:\/\/glasstigershisha.com\/fr\/wp-json\/wp\/v2\/product_tag?post=1549"}],"curies":[{"name":"wp","href":"https:\/\/api.w.org\/{rel}","templated":true}]}}