{"id":1517,"date":"2023-12-12T09:53:13","date_gmt":"2023-12-12T09:53:13","guid":{"rendered":"https:\/\/glasstigershisha.com\/urun\/el-sanati-ozel-el-iscilikli-mavi-6li-bakir-kahve-seti\/"},"modified":"2023-12-16T11:17:56","modified_gmt":"2023-12-16T11:17:56","slug":"el-sanati-ozel-el-iscilikli-mavi-6li-bakir-kahve-seti","status":"publish","type":"product","link":"https:\/\/glasstigershisha.com\/fr\/produit\/el-sanati-ozel-el-iscilikli-mavi-6li-bakir-kahve-seti\/","title":{"rendered":"Service \u00e0 caf\u00e9 en cuivre bleu 6 pi\u00e8ces, artisanal et sp\u00e9cialement fabriqu\u00e9 \u00e0 la main"},"content":{"rendered":"<ul>\n<li>Broderie artisanale sp\u00e9ciale.<br \/>\nEnsemble de 6 caf\u00e9s.<br \/>\nAvec tasse en c\u00e9ramique.<br \/>\n1 bol de d\u00e9lices turcs.<\/li>\n<\/ul>\n","protected":false},"excerpt":{"rendered":"<p>Broderie artisanale sp\u00e9ciale. Ensemble de 6 caf\u00e9s. Avec tasse en c\u00e9ramique. 1 bol de d\u00e9lices turcs.<\/p>\n","protected":false},"featured_media":2181,"comment_status":"open","ping_status":"closed","template":"","meta":{"_joinchat":[]},"product_cat":[326],"product_tag":[],"_links":{"self":[{"href":"https:\/\/glasstigershisha.com\/fr\/wp-json\/wp\/v2\/product\/1517"}],"collection":[{"href":"https:\/\/glasstigershisha.com\/fr\/wp-json\/wp\/v2\/product"}],"about":[{"href":"https:\/\/glasstigershisha.com\/fr\/wp-json\/wp\/v2\/types\/product"}],"replies":[{"embeddable":true,"href":"https:\/\/glasstigershisha.com\/fr\/wp-json\/wp\/v2\/comments?post=1517"}],"wp:featuredmedia":[{"embeddable":true,"href":"https:\/\/glasstigershisha.com\/fr\/wp-json\/wp\/v2\/media\/2181"}],"wp:attachment":[{"href":"https:\/\/glasstigershisha.com\/fr\/wp-json\/wp\/v2\/media?parent=1517"}],"wp:term":[{"taxonomy":"product_cat","embeddable":true,"href":"https:\/\/glasstigershisha.com\/fr\/wp-json\/wp\/v2\/product_cat?post=1517"},{"taxonomy":"product_tag","embeddable":true,"href":"https:\/\/glasstigershisha.com\/fr\/wp-json\/wp\/v2\/product_tag?post=1517"}],"curies":[{"name":"wp","href":"https:\/\/api.w.org\/{rel}","templated":true}]}}