{"id":1513,"date":"2023-12-12T10:39:43","date_gmt":"2023-12-12T10:39:43","guid":{"rendered":"https:\/\/glasstigershisha.com\/urun\/el-sanati-ozel-el-iscilikli-bakir-semaver\/"},"modified":"2023-12-16T14:33:46","modified_gmt":"2023-12-16T14:33:46","slug":"el-sanati-ozel-el-iscilikli-bakir-semaver","status":"publish","type":"product","link":"https:\/\/glasstigershisha.com\/fr\/produit\/el-sanati-ozel-el-iscilikli-bakir-semaver\/","title":{"rendered":"Samovar en cuivre fabriqu\u00e9 \u00e0 la main et sp\u00e9cialement fabriqu\u00e9 \u00e0 la main"},"content":{"rendered":"<ul>\n<li>Samovar en cuivre sp\u00e9cialement fabriqu\u00e9 \u00e0 la main.<br \/>\nManche en bois.<br \/>\nLa surface int\u00e9rieure est enti\u00e8rement en \u00e9tain.<br \/>\nBois et charbon.<br \/>\nEnsemble th\u00e9i\u00e8re.<\/li>\n<\/ul>\n","protected":false},"excerpt":{"rendered":"<p>Samovar en cuivre sp\u00e9cialement fabriqu\u00e9 \u00e0 la main. Manche en bois. La surface int\u00e9rieure est enti\u00e8rement en \u00e9tain. Bois et<\/p>\n","protected":false},"featured_media":2221,"comment_status":"open","ping_status":"closed","template":"","meta":{"_joinchat":[]},"product_cat":[316,328],"product_tag":[],"_links":{"self":[{"href":"https:\/\/glasstigershisha.com\/fr\/wp-json\/wp\/v2\/product\/1513"}],"collection":[{"href":"https:\/\/glasstigershisha.com\/fr\/wp-json\/wp\/v2\/product"}],"about":[{"href":"https:\/\/glasstigershisha.com\/fr\/wp-json\/wp\/v2\/types\/product"}],"replies":[{"embeddable":true,"href":"https:\/\/glasstigershisha.com\/fr\/wp-json\/wp\/v2\/comments?post=1513"}],"wp:featuredmedia":[{"embeddable":true,"href":"https:\/\/glasstigershisha.com\/fr\/wp-json\/wp\/v2\/media\/2221"}],"wp:attachment":[{"href":"https:\/\/glasstigershisha.com\/fr\/wp-json\/wp\/v2\/media?parent=1513"}],"wp:term":[{"taxonomy":"product_cat","embeddable":true,"href":"https:\/\/glasstigershisha.com\/fr\/wp-json\/wp\/v2\/product_cat?post=1513"},{"taxonomy":"product_tag","embeddable":true,"href":"https:\/\/glasstigershisha.com\/fr\/wp-json\/wp\/v2\/product_tag?post=1513"}],"curies":[{"name":"wp","href":"https:\/\/api.w.org\/{rel}","templated":true}]}}