{"id":1509,"date":"2023-12-12T10:47:50","date_gmt":"2023-12-12T10:47:50","guid":{"rendered":"https:\/\/glasstigershisha.com\/urun\/ozel-el-iscilikli-bakir-sekerlik\/"},"modified":"2023-12-21T13:49:35","modified_gmt":"2023-12-21T13:49:35","slug":"ozel-el-iscilikli-bakir-sekerlik","status":"publish","type":"product","link":"https:\/\/glasstigershisha.com\/fr\/produit\/ozel-el-iscilikli-bakir-sekerlik\/","title":{"rendered":"\u00d6zel El \u0130\u015f\u00e7ilikli Bak\u0131r \u015eekerlik"},"content":{"rendered":"","protected":false},"excerpt":{"rendered":"","protected":false},"featured_media":2281,"comment_status":"open","ping_status":"closed","template":"","meta":{"_joinchat":[]},"product_cat":[316,340],"product_tag":[],"_links":{"self":[{"href":"https:\/\/glasstigershisha.com\/fr\/wp-json\/wp\/v2\/product\/1509"}],"collection":[{"href":"https:\/\/glasstigershisha.com\/fr\/wp-json\/wp\/v2\/product"}],"about":[{"href":"https:\/\/glasstigershisha.com\/fr\/wp-json\/wp\/v2\/types\/product"}],"replies":[{"embeddable":true,"href":"https:\/\/glasstigershisha.com\/fr\/wp-json\/wp\/v2\/comments?post=1509"}],"wp:featuredmedia":[{"embeddable":true,"href":"https:\/\/glasstigershisha.com\/fr\/wp-json\/wp\/v2\/media\/2281"}],"wp:attachment":[{"href":"https:\/\/glasstigershisha.com\/fr\/wp-json\/wp\/v2\/media?parent=1509"}],"wp:term":[{"taxonomy":"product_cat","embeddable":true,"href":"https:\/\/glasstigershisha.com\/fr\/wp-json\/wp\/v2\/product_cat?post=1509"},{"taxonomy":"product_tag","embeddable":true,"href":"https:\/\/glasstigershisha.com\/fr\/wp-json\/wp\/v2\/product_tag?post=1509"}],"curies":[{"name":"wp","href":"https:\/\/api.w.org\/{rel}","templated":true}]}}