{"id":1497,"date":"2023-12-12T10:52:25","date_gmt":"2023-12-12T10:52:25","guid":{"rendered":"https:\/\/glasstigershisha.com\/urun\/ozel-el-iscilikli-bakir-sekerlik-4\/"},"modified":"2023-12-21T13:40:18","modified_gmt":"2023-12-21T13:40:18","slug":"ozel-el-iscilikli-bakir-sekerlik-4","status":"publish","type":"product","link":"https:\/\/glasstigershisha.com\/fr\/produit\/ozel-el-iscilikli-bakir-sekerlik-4\/","title":{"rendered":"\u00d6zel El \u0130\u015f\u00e7ilikli Bak\u0131r \u015eekerlik"},"content":{"rendered":"","protected":false},"excerpt":{"rendered":"","protected":false},"featured_media":2271,"comment_status":"open","ping_status":"closed","template":"","meta":{"_joinchat":[]},"product_cat":[316,340],"product_tag":[],"_links":{"self":[{"href":"https:\/\/glasstigershisha.com\/fr\/wp-json\/wp\/v2\/product\/1497"}],"collection":[{"href":"https:\/\/glasstigershisha.com\/fr\/wp-json\/wp\/v2\/product"}],"about":[{"href":"https:\/\/glasstigershisha.com\/fr\/wp-json\/wp\/v2\/types\/product"}],"replies":[{"embeddable":true,"href":"https:\/\/glasstigershisha.com\/fr\/wp-json\/wp\/v2\/comments?post=1497"}],"wp:featuredmedia":[{"embeddable":true,"href":"https:\/\/glasstigershisha.com\/fr\/wp-json\/wp\/v2\/media\/2271"}],"wp:attachment":[{"href":"https:\/\/glasstigershisha.com\/fr\/wp-json\/wp\/v2\/media?parent=1497"}],"wp:term":[{"taxonomy":"product_cat","embeddable":true,"href":"https:\/\/glasstigershisha.com\/fr\/wp-json\/wp\/v2\/product_cat?post=1497"},{"taxonomy":"product_tag","embeddable":true,"href":"https:\/\/glasstigershisha.com\/fr\/wp-json\/wp\/v2\/product_tag?post=1497"}],"curies":[{"name":"wp","href":"https:\/\/api.w.org\/{rel}","templated":true}]}}