{"id":1477,"date":"2023-12-12T11:23:14","date_gmt":"2023-12-12T11:23:14","guid":{"rendered":"https:\/\/glasstigershisha.com\/urun\/swarovski-buyuk-boy-gumus-tasli-zamak-demlik\/"},"modified":"2023-12-16T12:54:38","modified_gmt":"2023-12-16T12:54:38","slug":"swarovski-buyuk-boy-gumus-tasli-zamak-demlik","status":"publish","type":"product","link":"https:\/\/glasstigershisha.com\/fr\/produit\/swarovski-buyuk-boy-gumus-tasli-zamak-demlik\/","title":{"rendered":"Th\u00e9i\u00e8re en zamak en pierre argent\u00e9e de grande taille SWAROVSKI"},"content":{"rendered":"<ul>\n<li>Pav\u00e9 de pierre SWAROVSKI.<br \/>\nPlacage chrome-nickel.<br \/>\nN\u00b02<\/li>\n<\/ul>\n","protected":false},"excerpt":{"rendered":"<p>Pav\u00e9 de pierre SWAROVSKI. Placage chrome-nickel. N\u00b02<\/p>\n","protected":false},"featured_media":2116,"comment_status":"open","ping_status":"closed","template":"","meta":{"_joinchat":[]},"product_cat":[316,333],"product_tag":[],"_links":{"self":[{"href":"https:\/\/glasstigershisha.com\/fr\/wp-json\/wp\/v2\/product\/1477"}],"collection":[{"href":"https:\/\/glasstigershisha.com\/fr\/wp-json\/wp\/v2\/product"}],"about":[{"href":"https:\/\/glasstigershisha.com\/fr\/wp-json\/wp\/v2\/types\/product"}],"replies":[{"embeddable":true,"href":"https:\/\/glasstigershisha.com\/fr\/wp-json\/wp\/v2\/comments?post=1477"}],"wp:featuredmedia":[{"embeddable":true,"href":"https:\/\/glasstigershisha.com\/fr\/wp-json\/wp\/v2\/media\/2116"}],"wp:attachment":[{"href":"https:\/\/glasstigershisha.com\/fr\/wp-json\/wp\/v2\/media?parent=1477"}],"wp:term":[{"taxonomy":"product_cat","embeddable":true,"href":"https:\/\/glasstigershisha.com\/fr\/wp-json\/wp\/v2\/product_cat?post=1477"},{"taxonomy":"product_tag","embeddable":true,"href":"https:\/\/glasstigershisha.com\/fr\/wp-json\/wp\/v2\/product_tag?post=1477"}],"curies":[{"name":"wp","href":"https:\/\/api.w.org\/{rel}","templated":true}]}}