{"id":1472,"date":"2023-12-12T11:23:58","date_gmt":"2023-12-12T11:23:58","guid":{"rendered":"https:\/\/glasstigershisha.com\/urun\/swarovski-kucuk-boy-gumus-tasli-zamak-demlik\/"},"modified":"2026-02-04T07:10:22","modified_gmt":"2026-02-04T07:10:22","slug":"swarovski-kucuk-boy-gumus-tasli-zamak-demlik","status":"publish","type":"product","link":"https:\/\/glasstigershisha.com\/fr\/produit\/swarovski-kucuk-boy-gumus-tasli-zamak-demlik\/","title":{"rendered":"Th\u00e9i\u00e8re en zamak en pierre argent\u00e9e de petite taille SWAROVSKI"},"content":{"rendered":"<ul>\n<li>Pav\u00e9 de pierre SWAROVSKI.<br \/>\nPlacage chrome-nickel.<br \/>\nN\u00b01<\/li>\n<\/ul>\n","protected":false},"excerpt":{"rendered":"<p>Pav\u00e9 de pierre SWAROVSKI. Placage chrome-nickel. N\u00b01<\/p>\n","protected":false},"featured_media":2131,"comment_status":"open","ping_status":"closed","template":"","meta":{"_joinchat":[]},"product_cat":[316,333],"product_tag":[],"_links":{"self":[{"href":"https:\/\/glasstigershisha.com\/fr\/wp-json\/wp\/v2\/product\/1472"}],"collection":[{"href":"https:\/\/glasstigershisha.com\/fr\/wp-json\/wp\/v2\/product"}],"about":[{"href":"https:\/\/glasstigershisha.com\/fr\/wp-json\/wp\/v2\/types\/product"}],"replies":[{"embeddable":true,"href":"https:\/\/glasstigershisha.com\/fr\/wp-json\/wp\/v2\/comments?post=1472"}],"wp:featuredmedia":[{"embeddable":true,"href":"https:\/\/glasstigershisha.com\/fr\/wp-json\/wp\/v2\/media\/2131"}],"wp:attachment":[{"href":"https:\/\/glasstigershisha.com\/fr\/wp-json\/wp\/v2\/media?parent=1472"}],"wp:term":[{"taxonomy":"product_cat","embeddable":true,"href":"https:\/\/glasstigershisha.com\/fr\/wp-json\/wp\/v2\/product_cat?post=1472"},{"taxonomy":"product_tag","embeddable":true,"href":"https:\/\/glasstigershisha.com\/fr\/wp-json\/wp\/v2\/product_tag?post=1472"}],"curies":[{"name":"wp","href":"https:\/\/api.w.org\/{rel}","templated":true}]}}