{"id":1464,"date":"2023-12-12T11:25:31","date_gmt":"2023-12-12T11:25:31","guid":{"rendered":"https:\/\/glasstigershisha.com\/urun\/swarovski-kucuk-boy-mix-tasli-zamak-demlik\/"},"modified":"2026-02-03T05:20:35","modified_gmt":"2026-02-03T05:20:35","slug":"swarovski-kucuk-boy-mix-tasli-zamak-demlik","status":"publish","type":"product","link":"https:\/\/glasstigershisha.com\/fr\/produit\/swarovski-kucuk-boy-mix-tasli-zamak-demlik\/","title":{"rendered":"Th\u00e9i\u00e8re SWAROVSKI en Zamak lapid\u00e9 m\u00e9lang\u00e9 de petite taille"},"content":{"rendered":"<ul>\n<li>Pav\u00e9 de pierre SWAROVSKI.<br \/>\nChromage jaune.<br \/>\nPav\u00e9 de pierres de couleurs m\u00e9lang\u00e9es.<br \/>\nN\u00b01<\/li>\n<\/ul>\n","protected":false},"excerpt":{"rendered":"<p>Pav\u00e9 de pierre SWAROVSKI. Chromage jaune. Pav\u00e9 de pierres de couleurs m\u00e9lang\u00e9es. N\u00b01<\/p>\n","protected":false},"featured_media":2141,"comment_status":"open","ping_status":"closed","template":"","meta":{"_joinchat":[]},"product_cat":[316,333],"product_tag":[],"_links":{"self":[{"href":"https:\/\/glasstigershisha.com\/fr\/wp-json\/wp\/v2\/product\/1464"}],"collection":[{"href":"https:\/\/glasstigershisha.com\/fr\/wp-json\/wp\/v2\/product"}],"about":[{"href":"https:\/\/glasstigershisha.com\/fr\/wp-json\/wp\/v2\/types\/product"}],"replies":[{"embeddable":true,"href":"https:\/\/glasstigershisha.com\/fr\/wp-json\/wp\/v2\/comments?post=1464"}],"wp:featuredmedia":[{"embeddable":true,"href":"https:\/\/glasstigershisha.com\/fr\/wp-json\/wp\/v2\/media\/2141"}],"wp:attachment":[{"href":"https:\/\/glasstigershisha.com\/fr\/wp-json\/wp\/v2\/media?parent=1464"}],"wp:term":[{"taxonomy":"product_cat","embeddable":true,"href":"https:\/\/glasstigershisha.com\/fr\/wp-json\/wp\/v2\/product_cat?post=1464"},{"taxonomy":"product_tag","embeddable":true,"href":"https:\/\/glasstigershisha.com\/fr\/wp-json\/wp\/v2\/product_tag?post=1464"}],"curies":[{"name":"wp","href":"https:\/\/api.w.org\/{rel}","templated":true}]}}