{"id":1799,"date":"2023-12-11T08:33:29","date_gmt":"2023-12-11T08:33:29","guid":{"rendered":"https:\/\/glasstigershisha.com\/urun\/tek-goril-figurlu-hayvan\/"},"modified":"2023-12-21T09:16:08","modified_gmt":"2023-12-21T09:16:08","slug":"tek-goril-figurlu-hayvan","status":"publish","type":"product","link":"https:\/\/glasstigershisha.com\/en\/urun\/tek-goril-figurlu-hayvan\/","title":{"rendered":"TEK GOR\u0130L F\u0130G\u00dcRL\u00dc HAYVAN"},"content":{"rendered":"","protected":false},"excerpt":{"rendered":"","protected":false},"featured_media":2010,"comment_status":"open","ping_status":"closed","template":"","meta":{"_joinchat":[]},"product_cat":[235,239],"product_tag":[],"_links":{"self":[{"href":"https:\/\/glasstigershisha.com\/en\/wp-json\/wp\/v2\/product\/1799"}],"collection":[{"href":"https:\/\/glasstigershisha.com\/en\/wp-json\/wp\/v2\/product"}],"about":[{"href":"https:\/\/glasstigershisha.com\/en\/wp-json\/wp\/v2\/types\/product"}],"replies":[{"embeddable":true,"href":"https:\/\/glasstigershisha.com\/en\/wp-json\/wp\/v2\/comments?post=1799"}],"wp:featuredmedia":[{"embeddable":true,"href":"https:\/\/glasstigershisha.com\/en\/wp-json\/wp\/v2\/media\/2010"}],"wp:attachment":[{"href":"https:\/\/glasstigershisha.com\/en\/wp-json\/wp\/v2\/media?parent=1799"}],"wp:term":[{"taxonomy":"product_cat","embeddable":true,"href":"https:\/\/glasstigershisha.com\/en\/wp-json\/wp\/v2\/product_cat?post=1799"},{"taxonomy":"product_tag","embeddable":true,"href":"https:\/\/glasstigershisha.com\/en\/wp-json\/wp\/v2\/product_tag?post=1799"}],"curies":[{"name":"wp","href":"https:\/\/api.w.org\/{rel}","templated":true}]}}