{"id":1780,"date":"2023-12-11T08:56:22","date_gmt":"2023-12-11T08:56:22","guid":{"rendered":"https:\/\/glasstigershisha.com\/urun\/kartal-figurlu-nargile-takim\/"},"modified":"2023-12-21T08:59:09","modified_gmt":"2023-12-21T08:59:09","slug":"kartal-figurlu-nargile-takim","status":"publish","type":"product","link":"https:\/\/glasstigershisha.com\/en\/urun\/kartal-figurlu-nargile-takim\/","title":{"rendered":"KARTAL F\u0130G\u00dcRL\u00dc NARG\u0130LE TAKIM"},"content":{"rendered":"","protected":false},"excerpt":{"rendered":"","protected":false},"featured_media":1971,"comment_status":"open","ping_status":"closed","template":"","meta":{"_joinchat":[]},"product_cat":[235,239],"product_tag":[],"_links":{"self":[{"href":"https:\/\/glasstigershisha.com\/en\/wp-json\/wp\/v2\/product\/1780"}],"collection":[{"href":"https:\/\/glasstigershisha.com\/en\/wp-json\/wp\/v2\/product"}],"about":[{"href":"https:\/\/glasstigershisha.com\/en\/wp-json\/wp\/v2\/types\/product"}],"replies":[{"embeddable":true,"href":"https:\/\/glasstigershisha.com\/en\/wp-json\/wp\/v2\/comments?post=1780"}],"wp:featuredmedia":[{"embeddable":true,"href":"https:\/\/glasstigershisha.com\/en\/wp-json\/wp\/v2\/media\/1971"}],"wp:attachment":[{"href":"https:\/\/glasstigershisha.com\/en\/wp-json\/wp\/v2\/media?parent=1780"}],"wp:term":[{"taxonomy":"product_cat","embeddable":true,"href":"https:\/\/glasstigershisha.com\/en\/wp-json\/wp\/v2\/product_cat?post=1780"},{"taxonomy":"product_tag","embeddable":true,"href":"https:\/\/glasstigershisha.com\/en\/wp-json\/wp\/v2\/product_tag?post=1780"}],"curies":[{"name":"wp","href":"https:\/\/api.w.org\/{rel}","templated":true}]}}