{"id":1730,"date":"2023-12-11T12:48:10","date_gmt":"2023-12-11T12:48:10","guid":{"rendered":"https:\/\/glasstigershisha.com\/urun\/kucuk-boy-bakir-caydanlik\/"},"modified":"2023-12-21T13:54:43","modified_gmt":"2023-12-21T13:54:43","slug":"kucuk-boy-bakir-caydanlik","status":"publish","type":"product","link":"https:\/\/glasstigershisha.com\/en\/urun\/kucuk-boy-bakir-caydanlik\/","title":{"rendered":"\u0130\u015flemeli K\u00fc\u00e7\u00fck Boy Bak\u0131r \u00c7aydanl\u0131k"},"content":{"rendered":"<ul>\n<li>Ah\u015fap kulp.<\/li>\n<li>Orijinal bak\u0131r.<\/li>\n<li>\u0130\u00e7 y\u00fczey komple kalay.<\/li>\n<li>Krom nikel kaplama.<\/li>\n<\/ul>\n","protected":false},"excerpt":{"rendered":"<p>Ah\u015fap kulp. Orijinal bak\u0131r. \u0130\u00e7 y\u00fczey komple kalay. Krom nikel kaplama.<\/p>\n","protected":false},"featured_media":2290,"comment_status":"open","ping_status":"closed","template":"","meta":{"_joinchat":[]},"product_cat":[248,249,515],"product_tag":[],"_links":{"self":[{"href":"https:\/\/glasstigershisha.com\/en\/wp-json\/wp\/v2\/product\/1730"}],"collection":[{"href":"https:\/\/glasstigershisha.com\/en\/wp-json\/wp\/v2\/product"}],"about":[{"href":"https:\/\/glasstigershisha.com\/en\/wp-json\/wp\/v2\/types\/product"}],"replies":[{"embeddable":true,"href":"https:\/\/glasstigershisha.com\/en\/wp-json\/wp\/v2\/comments?post=1730"}],"wp:featuredmedia":[{"embeddable":true,"href":"https:\/\/glasstigershisha.com\/en\/wp-json\/wp\/v2\/media\/2290"}],"wp:attachment":[{"href":"https:\/\/glasstigershisha.com\/en\/wp-json\/wp\/v2\/media?parent=1730"}],"wp:term":[{"taxonomy":"product_cat","embeddable":true,"href":"https:\/\/glasstigershisha.com\/en\/wp-json\/wp\/v2\/product_cat?post=1730"},{"taxonomy":"product_tag","embeddable":true,"href":"https:\/\/glasstigershisha.com\/en\/wp-json\/wp\/v2\/product_tag?post=1730"}],"curies":[{"name":"wp","href":"https:\/\/api.w.org\/{rel}","templated":true}]}}