{"id":1588,"date":"2023-12-12T08:25:47","date_gmt":"2023-12-12T08:25:47","guid":{"rendered":"https:\/\/glasstigershisha.com\/urun\/ahsap-gorunumlu-aluminyum-govde-cizgi-desenli-paslanmaz-ic-borulu-nargile-seti-2\/"},"modified":"2023-12-16T09:40:59","modified_gmt":"2023-12-16T09:40:59","slug":"ahsap-gorunumlu-aluminyum-govde-cizgi-desenli-paslanmaz-ic-borulu-nargile-seti-2","status":"publish","type":"product","link":"https:\/\/glasstigershisha.com\/en\/urun\/ahsap-gorunumlu-aluminyum-govde-cizgi-desenli-paslanmaz-ic-borulu-nargile-seti-2\/","title":{"rendered":"GT-058  Desktop Hookah Set with Cross Line Pattern and Wooden Veneer Appearance"},"content":{"rendered":"<ul>\n<li>Orijinal al\u00fcminyum g\u00f6vde.<\/li>\n<li>450 derece \u0131s\u0131ya dayan\u0131kl\u0131.<\/li>\n<li>\u00d6zel desen kaplamal\u0131.<\/li>\n<li>Paslanmaz \u00e7elik i\u00e7 boru.<\/li>\n<\/ul>\n<p>Masa\u00fcst\u00fc nargile tak\u0131m\u0131.<\/p>\n","protected":false},"excerpt":{"rendered":"<p>Orijinal al\u00fcminyum g\u00f6vde. 450 derece \u0131s\u0131ya dayan\u0131kl\u0131. \u00d6zel desen kaplamal\u0131. Paslanmaz \u00e7elik i\u00e7 boru. Masa\u00fcst\u00fc nargile tak\u0131m\u0131.<\/p>\n","protected":false},"featured_media":1891,"comment_status":"open","ping_status":"closed","template":"","meta":{"_joinchat":[]},"product_cat":[235,244],"product_tag":[],"_links":{"self":[{"href":"https:\/\/glasstigershisha.com\/en\/wp-json\/wp\/v2\/product\/1588"}],"collection":[{"href":"https:\/\/glasstigershisha.com\/en\/wp-json\/wp\/v2\/product"}],"about":[{"href":"https:\/\/glasstigershisha.com\/en\/wp-json\/wp\/v2\/types\/product"}],"replies":[{"embeddable":true,"href":"https:\/\/glasstigershisha.com\/en\/wp-json\/wp\/v2\/comments?post=1588"}],"wp:featuredmedia":[{"embeddable":true,"href":"https:\/\/glasstigershisha.com\/en\/wp-json\/wp\/v2\/media\/1891"}],"wp:attachment":[{"href":"https:\/\/glasstigershisha.com\/en\/wp-json\/wp\/v2\/media?parent=1588"}],"wp:term":[{"taxonomy":"product_cat","embeddable":true,"href":"https:\/\/glasstigershisha.com\/en\/wp-json\/wp\/v2\/product_cat?post=1588"},{"taxonomy":"product_tag","embeddable":true,"href":"https:\/\/glasstigershisha.com\/en\/wp-json\/wp\/v2\/product_tag?post=1588"}],"curies":[{"name":"wp","href":"https:\/\/api.w.org\/{rel}","templated":true}]}}