{"id":901,"date":"2023-12-11T08:48:20","date_gmt":"2023-12-11T08:48:20","guid":{"rendered":"https:\/\/glasstigershisha.com\/urun\/kobra-figurlu-nargile-takim\/"},"modified":"2023-12-11T08:48:20","modified_gmt":"2023-12-11T08:48:20","slug":"kobra-figurlu-nargile-takim","status":"publish","type":"product","link":"https:\/\/glasstigershisha.com\/ar\/product\/kobra-figurlu-nargile-takim\/","title":{"rendered":"KOBRA F\u0130G\u00dcRL\u00dc NARG\u0130LE TAKIM"},"content":{"rendered":"","protected":false},"excerpt":{"rendered":"","protected":false},"featured_media":897,"comment_status":"open","ping_status":"closed","template":"","meta":{"_joinchat":[]},"product_cat":[167],"product_tag":[],"_links":{"self":[{"href":"https:\/\/glasstigershisha.com\/ar\/wp-json\/wp\/v2\/product\/901"}],"collection":[{"href":"https:\/\/glasstigershisha.com\/ar\/wp-json\/wp\/v2\/product"}],"about":[{"href":"https:\/\/glasstigershisha.com\/ar\/wp-json\/wp\/v2\/types\/product"}],"replies":[{"embeddable":true,"href":"https:\/\/glasstigershisha.com\/ar\/wp-json\/wp\/v2\/comments?post=901"}],"wp:featuredmedia":[{"embeddable":true,"href":"https:\/\/glasstigershisha.com\/ar\/wp-json\/wp\/v2\/media\/897"}],"wp:attachment":[{"href":"https:\/\/glasstigershisha.com\/ar\/wp-json\/wp\/v2\/media?parent=901"}],"wp:term":[{"taxonomy":"product_cat","embeddable":true,"href":"https:\/\/glasstigershisha.com\/ar\/wp-json\/wp\/v2\/product_cat?post=901"},{"taxonomy":"product_tag","embeddable":true,"href":"https:\/\/glasstigershisha.com\/ar\/wp-json\/wp\/v2\/product_tag?post=901"}],"curies":[{"name":"wp","href":"https:\/\/api.w.org\/{rel}","templated":true}]}}