{"id":1790,"date":"2023-12-11T08:51:26","date_gmt":"2023-12-11T08:51:26","guid":{"rendered":"https:\/\/glasstigershisha.com\/urun\/uc-maymun-figurlu-nargile-takim\/"},"modified":"2023-12-21T09:10:18","modified_gmt":"2023-12-21T09:10:18","slug":"uc-maymun-figurlu-nargile-takim","status":"publish","type":"product","link":"https:\/\/glasstigershisha.com\/ar\/product\/uc-maymun-figurlu-nargile-takim\/","title":{"rendered":"\u00dc\u00c7 MAYMUN F\u0130G\u00dcRL\u00dc NARG\u0130LE TAKIM"},"content":{"rendered":"","protected":false},"excerpt":{"rendered":"","protected":false},"featured_media":1994,"comment_status":"open","ping_status":"closed","template":"","meta":{"_joinchat":[]},"product_cat":[167,171],"product_tag":[],"_links":{"self":[{"href":"https:\/\/glasstigershisha.com\/ar\/wp-json\/wp\/v2\/product\/1790"}],"collection":[{"href":"https:\/\/glasstigershisha.com\/ar\/wp-json\/wp\/v2\/product"}],"about":[{"href":"https:\/\/glasstigershisha.com\/ar\/wp-json\/wp\/v2\/types\/product"}],"replies":[{"embeddable":true,"href":"https:\/\/glasstigershisha.com\/ar\/wp-json\/wp\/v2\/comments?post=1790"}],"wp:featuredmedia":[{"embeddable":true,"href":"https:\/\/glasstigershisha.com\/ar\/wp-json\/wp\/v2\/media\/1994"}],"wp:attachment":[{"href":"https:\/\/glasstigershisha.com\/ar\/wp-json\/wp\/v2\/media?parent=1790"}],"wp:term":[{"taxonomy":"product_cat","embeddable":true,"href":"https:\/\/glasstigershisha.com\/ar\/wp-json\/wp\/v2\/product_cat?post=1790"},{"taxonomy":"product_tag","embeddable":true,"href":"https:\/\/glasstigershisha.com\/ar\/wp-json\/wp\/v2\/product_tag?post=1790"}],"curies":[{"name":"wp","href":"https:\/\/api.w.org\/{rel}","templated":true}]}}