{"id":1783,"date":"2023-12-11T08:53:57","date_gmt":"2023-12-11T08:53:57","guid":{"rendered":"https:\/\/glasstigershisha.com\/urun\/yilan-figurlu-nargile-takim-2\/"},"modified":"2023-12-21T09:06:06","modified_gmt":"2023-12-21T09:06:06","slug":"yilan-figurlu-nargile-takim-2","status":"publish","type":"product","link":"https:\/\/glasstigershisha.com\/ar\/product\/yilan-figurlu-nargile-takim-2\/","title":{"rendered":"YILAN F\u0130G\u00dcRL\u00dc NARG\u0130LE TAKIM"},"content":{"rendered":"","protected":false},"excerpt":{"rendered":"","protected":false},"featured_media":1984,"comment_status":"open","ping_status":"closed","template":"","meta":{"_joinchat":[]},"product_cat":[167,171],"product_tag":[],"_links":{"self":[{"href":"https:\/\/glasstigershisha.com\/ar\/wp-json\/wp\/v2\/product\/1783"}],"collection":[{"href":"https:\/\/glasstigershisha.com\/ar\/wp-json\/wp\/v2\/product"}],"about":[{"href":"https:\/\/glasstigershisha.com\/ar\/wp-json\/wp\/v2\/types\/product"}],"replies":[{"embeddable":true,"href":"https:\/\/glasstigershisha.com\/ar\/wp-json\/wp\/v2\/comments?post=1783"}],"wp:featuredmedia":[{"embeddable":true,"href":"https:\/\/glasstigershisha.com\/ar\/wp-json\/wp\/v2\/media\/1984"}],"wp:attachment":[{"href":"https:\/\/glasstigershisha.com\/ar\/wp-json\/wp\/v2\/media?parent=1783"}],"wp:term":[{"taxonomy":"product_cat","embeddable":true,"href":"https:\/\/glasstigershisha.com\/ar\/wp-json\/wp\/v2\/product_cat?post=1783"},{"taxonomy":"product_tag","embeddable":true,"href":"https:\/\/glasstigershisha.com\/ar\/wp-json\/wp\/v2\/product_tag?post=1783"}],"curies":[{"name":"wp","href":"https:\/\/api.w.org\/{rel}","templated":true}]}}