{"id":1507,"date":"2023-12-12T10:47:50","date_gmt":"2023-12-12T10:47:50","guid":{"rendered":"https:\/\/glasstigershisha.com\/urun\/ozel-el-iscilikli-bakir-sekerlik\/"},"modified":"2023-12-21T13:49:34","modified_gmt":"2023-12-21T13:49:34","slug":"ozel-el-iscilikli-bakir-sekerlik","status":"publish","type":"product","link":"https:\/\/glasstigershisha.com\/ar\/product\/ozel-el-iscilikli-bakir-sekerlik\/","title":{"rendered":"\u00d6zel El \u0130\u015f\u00e7ilikli Bak\u0131r \u015eekerlik"},"content":{"rendered":"","protected":false},"excerpt":{"rendered":"","protected":false},"featured_media":2279,"comment_status":"open","ping_status":"closed","template":"","meta":{"_joinchat":[]},"product_cat":[180,204],"product_tag":[],"_links":{"self":[{"href":"https:\/\/glasstigershisha.com\/ar\/wp-json\/wp\/v2\/product\/1507"}],"collection":[{"href":"https:\/\/glasstigershisha.com\/ar\/wp-json\/wp\/v2\/product"}],"about":[{"href":"https:\/\/glasstigershisha.com\/ar\/wp-json\/wp\/v2\/types\/product"}],"replies":[{"embeddable":true,"href":"https:\/\/glasstigershisha.com\/ar\/wp-json\/wp\/v2\/comments?post=1507"}],"wp:featuredmedia":[{"embeddable":true,"href":"https:\/\/glasstigershisha.com\/ar\/wp-json\/wp\/v2\/media\/2279"}],"wp:attachment":[{"href":"https:\/\/glasstigershisha.com\/ar\/wp-json\/wp\/v2\/media?parent=1507"}],"wp:term":[{"taxonomy":"product_cat","embeddable":true,"href":"https:\/\/glasstigershisha.com\/ar\/wp-json\/wp\/v2\/product_cat?post=1507"},{"taxonomy":"product_tag","embeddable":true,"href":"https:\/\/glasstigershisha.com\/ar\/wp-json\/wp\/v2\/product_tag?post=1507"}],"curies":[{"name":"wp","href":"https:\/\/api.w.org\/{rel}","templated":true}]}}