{"id":1499,"date":"2023-12-12T10:49:00","date_gmt":"2023-12-12T10:49:00","guid":{"rendered":"https:\/\/glasstigershisha.com\/urun\/ozel-el-iscilikli-bakir-sekerlik-3\/"},"modified":"2023-12-21T12:38:21","modified_gmt":"2023-12-21T12:38:21","slug":"ozel-el-iscilikli-bakir-sekerlik-3","status":"publish","type":"product","link":"https:\/\/glasstigershisha.com\/ar\/product\/ozel-el-iscilikli-bakir-sekerlik-3\/","title":{"rendered":"\u00d6zel El \u0130\u015f\u00e7ilikli Bak\u0131r \u015eekerlik"},"content":{"rendered":"","protected":false},"excerpt":{"rendered":"","protected":false},"featured_media":2224,"comment_status":"open","ping_status":"closed","template":"","meta":{"_joinchat":[]},"product_cat":[180,204],"product_tag":[],"_links":{"self":[{"href":"https:\/\/glasstigershisha.com\/ar\/wp-json\/wp\/v2\/product\/1499"}],"collection":[{"href":"https:\/\/glasstigershisha.com\/ar\/wp-json\/wp\/v2\/product"}],"about":[{"href":"https:\/\/glasstigershisha.com\/ar\/wp-json\/wp\/v2\/types\/product"}],"replies":[{"embeddable":true,"href":"https:\/\/glasstigershisha.com\/ar\/wp-json\/wp\/v2\/comments?post=1499"}],"wp:featuredmedia":[{"embeddable":true,"href":"https:\/\/glasstigershisha.com\/ar\/wp-json\/wp\/v2\/media\/2224"}],"wp:attachment":[{"href":"https:\/\/glasstigershisha.com\/ar\/wp-json\/wp\/v2\/media?parent=1499"}],"wp:term":[{"taxonomy":"product_cat","embeddable":true,"href":"https:\/\/glasstigershisha.com\/ar\/wp-json\/wp\/v2\/product_cat?post=1499"},{"taxonomy":"product_tag","embeddable":true,"href":"https:\/\/glasstigershisha.com\/ar\/wp-json\/wp\/v2\/product_tag?post=1499"}],"curies":[{"name":"wp","href":"https:\/\/api.w.org\/{rel}","templated":true}]}}